{"id":9290,"date":"2025-05-15T02:02:33","date_gmt":"2025-05-15T00:02:33","guid":{"rendered":"https:\/\/rabat-comedy.com\/?page_id=9290"},"modified":"2025-05-15T02:04:40","modified_gmt":"2025-05-15T00:04:40","slug":"reglement-du-festival-international-du-film-rabat-comedy-3","status":"publish","type":"page","link":"https:\/\/rabat-comedy.com\/?page_id=9290","title":{"rendered":"R\u00e8glement du festival international du film rabat-comedy"},"content":{"rendered":"<p>[vc_row full_width=&#8221;stretch_row_content_no_spaces&#8221; uniqid=&#8221;5cc7dc44b68ba&#8221;][vc_column][vc_column_text]    <section class=\"banner-area banner-area-5cc7db9895991 banner-default bsl-right current-white\">\n            <div class=\"banner-item white tac\" style=\"height: 400px;\">\n        \n    <div class=\"bg-overlay\">\n          <\/div>\n\n            <div class=\"container\">\n          <div class=\"row align-items-center fixed-height\" style=\"height: 400px;\">\n            <div class=\"col\">\n                              <div class=\"heading-block tac\">\n                                      <h1 class=\"h\">R\u00e8glement du Festival international<br \/>\ndu film <span>rabat-comedy<\/span><\/h1>\n                                  <\/div>\n                          <\/div>\n          <\/div>\n        <\/div>\n      <\/div>\n    <\/section>\n    [\/vc_column_text][\/vc_column][\/vc_row][vc_row][vc_column][vc_column_text]<span style=\"font-size: 18px;\">Veuillez lire attentivement ces r\u00e8gles et conditions avant de soumettre votre film. En soumettant votre film en comp\u00e9tition au Festival international du film Rabat-Comedy, vous reconnaissez et acceptez express\u00e9ment que vous serez li\u00e9 par les pr\u00e9sentes r\u00e8gles et conditions.<br \/>\nTous les films doivent \u00eatre sous-titr\u00e9s en anglais. Les sous-titres doivent \u00eatre incrust\u00e9s dans le film. Si vous avez des sous-titres pour votre film en fran\u00e7ais et\/ou en arabe, merci de nous les faire parvenir aussi, sous forme de fichier SRT.<br \/>\nLes films doivent appartenir au genre com\u00e9die.<br \/>\nLes courts m\u00e9trages doivent durer entre 3 et 29 minutes.<br \/>\nLes longs m\u00e9trages doivent durer entre 70 et 150 minutes.<br \/>\nTous les films doivent avoir \u00e9t\u00e9 termin\u00e9s apr\u00e8s le 1 janvier 2023.<br \/>\nAucun statut de premi\u00e8re n&#8217;est requis pour les films participants.<br \/>\nLes films soumis doivent \u00eatre accessibles via la plateforme FilmFreeway pour \u00eatre visionner par les membres du comit\u00e9 de s\u00e9lection des films.<br \/>\nLe festival ne paye pas de frais pour les projections des films.\u2028La date butoir de soumission des film est le 27 Avril 2024 \u00e0 23 :59h.<br \/>\nLes films s\u00e9lectionn\u00e9s seront notifi\u00e9s vers le 23 Mai 2024.<br \/>\nAucun envoi postal n&#8217;est accept\u00e9.<br \/>\nDurant le festival, les films s\u00e9lectionn\u00e9s peuvent \u00eatre projet\u00e9s plus d&#8217;une fois et sont programm\u00e9s \u00e0 la discr\u00e9tion du personnel du festival.<br \/>\nLes films s\u00e9lectionn\u00e9s doivent \u00eatre transf\u00e9r\u00e9s num\u00e9riquement au festival dans un format de projection Full HD avant le 31 mai 2024. Par ailleurs, 6 images du film, une photo-portrait du r\u00e9alisateur, l&#8217;affiche du film, le synopsis et une fiche d&#8217;information sur le film doivent aussi \u00eatre transf\u00e9r\u00e9es au festival en m\u00eame temps.<br \/>\nLes participants accordent le droit d&#8217;utiliser des extraits des films soumis et accept\u00e9s \u00e0 des fins promotionnelles.<br \/>\nEn soumettant leur film, les participants confirment leurs droits sur le film. Il est de leur responsabilit\u00e9 d&#8217;obtenir toutes les autorisations l\u00e9gales pour tout mat\u00e9riel prot\u00e9g\u00e9 par le droit d&#8217;auteur, pouvant \u00eatre utilis\u00e9 dans leur film.<\/span><\/p>\n<p>Les r\u00e8gles, termes et conditions ci-dessus peuvent \u00eatre sujets \u00e0 changement \u00e0 la discr\u00e9tion de la commission du festival qui a \u00e9galement le droit de prendre des d\u00e9cisions sur les sujets non pr\u00e9vus par ce r\u00e8glement.[\/vc_column_text][\/vc_column][\/vc_row]<\/p>\n","protected":false},"excerpt":{"rendered":"<p>[vc_row full_width=&#8221;stretch_row_content_no_spaces&#8221; uniqid=&#8221;5cc7dc44b68ba&#8221;][vc_column][vc_column_text][\/vc_column_text][\/vc_column][\/vc_row][vc_row][vc_column][vc_column_text]Veuillez lire attentivement ces r\u00e8gles et conditions avant de soumettre votre film. En soumettant votre film en comp\u00e9tition au Festival international du film Rabat-Comedy, vous reconnaissez et acceptez express\u00e9ment que vous serez li\u00e9 par les pr\u00e9sentes r\u00e8gles et conditions. Tous les films doivent \u00eatre sous-titr\u00e9s en anglais. Les sous-titres doivent \u00eatre incrust\u00e9s dans [&hellip;]<\/p>\n","protected":false},"author":1,"featured_media":0,"parent":0,"menu_order":0,"comment_status":"closed","ping_status":"open","template":"template-landing.php","meta":{"_acf_changed":false,"spay_email":"","footnotes":""},"class_list":["post-9290","page","type-page","status-publish","hentry"],"acf":[],"jetpack-related-posts":[{"id":8686,"url":"https:\/\/rabat-comedy.com\/?page_id=8686","url_meta":{"origin":9290,"position":0},"title":"R\u00e8glement du festival international du film rabat-comedy","date":"11 mai 2024","format":false,"excerpt":"[vc_row full_width=\"stretch_row_content_no_spaces\" uniqid=\"5cc7dc44b68ba\"][vc_column][vc_column_text][\/vc_column_text][\/vc_column][\/vc_row][vc_row][vc_column][vc_column_text]Veuillez lire attentivement ces r\u00e8gles et conditions avant de soumettre votre film. En soumettant votre film en comp\u00e9tition au Festival international du film Rabat-Comedy, vous reconnaissez et acceptez express\u00e9ment que vous serez li\u00e9 par les pr\u00e9sentes r\u00e8gles et conditions. Tous les films qui ne sont pas en anglais\u2026","rel":"","context":"Article similaire","img":{"alt_text":"","src":"","width":0,"height":0},"classes":[]},{"id":6829,"url":"https:\/\/rabat-comedy.com\/?page_id=6829","url_meta":{"origin":9290,"position":1},"title":"R\u00e8glement du festival international du film rabat-comedy","date":"12 avril 2022","format":false,"excerpt":"[vc_row full_width=\"stretch_row_content_no_spaces\" uniqid=\"5cc7dc44b68ba\"][vc_column][vc_column_text] [\/vc_column_text][\/vc_column][\/vc_row][vc_row][vc_column][vc_column_text]Veuillez lire attentivement ces r\u00e8gles et conditions avant de soumettre votre film. En soumettant votre film au Festival international du film Rabat-Comedy, vous reconnaissez et acceptez express\u00e9ment que vous serez li\u00e9 par les pr\u00e9sentes r\u00e8gles et conditions. Tous les films qui ne sont pas en anglais doivent\u2026","rel":"","context":"Article similaire","img":{"alt_text":"","src":"","width":0,"height":0},"classes":[]},{"id":1423,"url":"https:\/\/rabat-comedy.com\/?page_id=1423","url_meta":{"origin":9290,"position":2},"title":"Reglement du festival international du film rabat-comedy","date":"11 juillet 2019","format":false,"excerpt":"[vc_row full_width=\"stretch_row_content_no_spaces\" uniqid=\"5cc7dc44b68ba\"][vc_column][\/vc_column][\/vc_row][vc_row][vc_column][vc_column_text]Veuillez lire attentivement ces r\u00e8gles et conditions avant de soumettre votre film. En soumettant votre film en comp\u00e9tition au Festival international du film de Rabat-Comedy, vous reconnaissez et acceptez express\u00e9ment que vous serez li\u00e9 par les pr\u00e9sentes r\u00e8gles et conditions. Tous les films qui ne sont pas en\u2026","rel":"","context":"Article similaire","img":{"alt_text":"","src":"","width":0,"height":0},"classes":[]},{"id":7643,"url":"https:\/\/rabat-comedy.com\/?page_id=7643","url_meta":{"origin":9290,"position":3},"title":"R\u00e8glement du festival international du film rabat-comedy","date":"14 mars 2023","format":false,"excerpt":"[vc_row full_width=\"stretch_row_content_no_spaces\" uniqid=\"5cc7dc44b68ba\"][vc_column][vc_column_text] [\/vc_column_text][\/vc_column][\/vc_row][vc_row][vc_column][vc_column_text]Veuillez lire attentivement ces r\u00e8gles et conditions avant de soumettre votre film. En soumettant votre film en comp\u00e9tition au Festival international du film Rabat-Comedy, vous reconnaissez et acceptez express\u00e9ment que vous serez li\u00e9 par les pr\u00e9sentes r\u00e8gles et conditions. Tous les films qui ne sont pas en\u2026","rel":"","context":"Article similaire","img":{"alt_text":"","src":"","width":0,"height":0},"classes":[]},{"id":1389,"url":"https:\/\/rabat-comedy.com\/","url_meta":{"origin":9290,"position":4},"title":"Accueil","date":"9 juillet 2019","format":false,"excerpt":"[vc_row full_width=\"stretch_row_content_no_spaces\" uniqid=\"5cc7dc44b68ba\"][vc_column][vc_column_text][\/vc_column_text][\/vc_column][\/vc_row][vc_row disable_element=\"yes\" uniqid=\"5d529c16b467c\"][vc_column][vc_column_text][\/vc_column_text][\/vc_column][\/vc_row][vc_row css_animation=\"none\" css=\".vc_custom_1564609260207{padding-top: 95px !important;padding-bottom: 35px !important;}\" uniqid=\"5cc7e14c90d0e\" el_id=\"quisomme\"][vc_column width=\"1\/2\"][vc_column_text][vc_column_text] Le Centre Marocain pour les Initiatives de D\u00e9veloppement dans les domaines du cin\u00e9ma, de l\u2019art et de la culture (CMID) s\u2019est donn\u00e9 pour mission d\u2019organiser le Festival International du Film Rabat-Comedy, en tant que projet culturel\u2026","rel":"","context":"Article similaire","img":{"alt_text":"","src":"","width":0,"height":0},"classes":[]},{"id":7623,"url":"https:\/\/rabat-comedy.com\/?page_id=7623","url_meta":{"origin":9290,"position":5},"title":"PALMAR\u00c8S","date":"9 juillet 2022","format":false,"excerpt":"[vc_row full_width=\"stretch_row_content_no_spaces\" uniqid=\"5cc7dc44b68ba\" css=\".vc_custom_1570143561732{margin-bottom: 20px !important;}\"][vc_column][\/vc_column][\/vc_row][vc_row][vc_column][vc_single_image image=\"7548\" img_size=\"full\"][\/vc_column][\/vc_row][vc_row css=\".vc_custom_1563706440770{padding-top: 0px !important;padding-bottom: 60px !important;}\" uniqid=\"5d2d1815f426b\"][vc_column uniqid=\"5d34444bbed0d\"][vc_column_text]Deux mentions sp\u00e9ciales pour les films: SWIPE AT FIRST SIGHT de Kevin de la Isla O\u2019Neill d\u2019Irlande. TURNUL DIN PISA de Bogdan Iliesiu de Roumanie. Le Prix du 1 er R\u00f4le Masculin ex aequo pour :\u2026","rel":"","context":"Article similaire","img":{"alt_text":"","src":"","width":0,"height":0},"classes":[]}],"_links":{"self":[{"href":"https:\/\/rabat-comedy.com\/index.php?rest_route=\/wp\/v2\/pages\/9290","targetHints":{"allow":["GET"]}}],"collection":[{"href":"https:\/\/rabat-comedy.com\/index.php?rest_route=\/wp\/v2\/pages"}],"about":[{"href":"https:\/\/rabat-comedy.com\/index.php?rest_route=\/wp\/v2\/types\/page"}],"author":[{"embeddable":true,"href":"https:\/\/rabat-comedy.com\/index.php?rest_route=\/wp\/v2\/users\/1"}],"replies":[{"embeddable":true,"href":"https:\/\/rabat-comedy.com\/index.php?rest_route=%2Fwp%2Fv2%2Fcomments&post=9290"}],"version-history":[{"count":2,"href":"https:\/\/rabat-comedy.com\/index.php?rest_route=\/wp\/v2\/pages\/9290\/revisions"}],"predecessor-version":[{"id":9292,"href":"https:\/\/rabat-comedy.com\/index.php?rest_route=\/wp\/v2\/pages\/9290\/revisions\/9292"}],"wp:attachment":[{"href":"https:\/\/rabat-comedy.com\/index.php?rest_route=%2Fwp%2Fv2%2Fmedia&parent=9290"}],"curies":[{"name":"wp","href":"https:\/\/api.w.org\/{rel}","templated":true}]}}