{"id":8885,"date":"2024-06-01T18:15:19","date_gmt":"2024-06-01T16:15:19","guid":{"rendered":"https:\/\/rabat-comedy.com\/?page_id=8885"},"modified":"2024-06-05T14:19:34","modified_gmt":"2024-06-05T12:19:34","slug":"jury-2","status":"publish","type":"page","link":"https:\/\/rabat-comedy.com\/?page_id=8885","title":{"rendered":"Jury"},"content":{"rendered":"<p>[vc_row][vc_column]      <div class=\"heading-block heading-6098c6ac0c6fe tal h-h1 vc_custom_1655308440380\">\n                  <h1 class=\"h\">Jury<\/h1>\n              <\/div>\n          <div class=\"heading-block heading- tac h-h2\">\n                  <h2 class=\"h\"><span>Le Jury<\/span> pour la comp\u00e9tition Longs M\u00e9trages<\/h2>\n              <\/div>\n    [\/vc_column][\/vc_row][vc_row content_placement=&#8221;middle&#8221; uniqid=&#8221;5d797038369d6&#8243;][vc_column el_id=&#8221;lepreeees&#8221; uniqid=&#8221;5d7970d887383&#8243;]    <div class=\"team-block team-carousel-5d796f82cb4af\">\n            <div class=\"swiper-container\" data-magic-cursor=\"link-w-text\" data-magic-cursor-text=\"Drag\">\n        <div class=\"swiper-wrapper\">\n              <div class=\"team-item swiper-slide team-item-5d796d1ebe272\">\n      <div class=\"avatar\">\n        <div class=\"img\" style=\"background-image: url(https:\/\/rabat-comedy.com\/wp-content\/uploads\/2024\/06\/1-Abdelouahed-mjahed-Producteur-et-Realisateur.jpg);\"><\/div>\n              <\/div>\n      <div class=\"bottom\">\n                  <h5 class=\"name\">Abdelouahed Mjahed<\/h5>\n                  <div class=\"post\">Producteur et R\u00e9alisateur (Pre\u0301sident du jury)<\/div>\n              <\/div>\n    <\/div>\n            <\/div>\n      <\/div>\n    <\/div>\n    [\/vc_column][\/vc_row][vc_row uniqid=&#8221;6098d51cc49c3&#8243;][vc_column]    <div class=\"team-block team-carousel-5d75a3b90d979\">\n            <div class=\"swiper-container\" data-magic-cursor=\"link-w-text\" data-magic-cursor-text=\"Drag\">\n        <div class=\"swiper-wrapper\">\n              <div class=\"team-item swiper-slide team-item-5d75ae5f03335\">\n      <div class=\"avatar\">\n        <div class=\"img\" style=\"background-image: url(https:\/\/rabat-comedy.com\/wp-content\/uploads\/2024\/06\/2-Ihsane-Boudrig-Maitre-de-conference-realisatrice-et-artiste-visuelle.jpg);\"><\/div>\n              <\/div>\n      <div class=\"bottom\">\n                  <h5 class=\"name\">Ihsane Boudrig<\/h5>\n                  <div class=\"post\">Ma\u00eetre de conf\u00e9rence, r\u00e9alisatrice et artiste visuelle<\/div>\n              <\/div>\n    <\/div>\n        <div class=\"team-item swiper-slide team-item-5d75af4c033e1\">\n      <div class=\"avatar\">\n        <div class=\"img\" style=\"background-image: url(https:\/\/rabat-comedy.com\/wp-content\/uploads\/2024\/06\/3-Nisrine-Achour-actrice.jpg);\"><\/div>\n              <\/div>\n      <div class=\"bottom\">\n                  <h5 class=\"name\">Nisrine Achour<\/h5>\n                  <div class=\"post\">Actrice<\/div>\n              <\/div>\n    <\/div>\n        <div class=\"team-item swiper-slide team-item-5d75af7bc4f26\">\n      <div class=\"avatar\">\n        <div class=\"img\" style=\"background-image: url(https:\/\/rabat-comedy.com\/wp-content\/uploads\/2024\/06\/4-Carmela-Callea-Directrice-Attachee-aux-Affaires-Culturelles.jpg);\"><\/div>\n              <\/div>\n      <div class=\"bottom\">\n                  <h5 class=\"name\">Carmela Callea<\/h5>\n                  <div class=\"post\">Directrice de l'Institut Culturel Italien de Rabat<\/div>\n              <\/div>\n    <\/div>\n        <div class=\"team-item swiper-slide team-item-5d75afaca18b8\">\n      <div class=\"avatar\">\n        <div class=\"img\" style=\"background-image: url(https:\/\/rabat-comedy.com\/wp-content\/uploads\/2024\/06\/5-Rachid-Zaki-Scenariste-et-Realisateur.jpg);\"><\/div>\n              <\/div>\n      <div class=\"bottom\">\n                  <h5 class=\"name\">Rachid Zaki<\/h5>\n                  <div class=\"post\">Sc\u00e9nariste et R\u00e9alisateur<\/div>\n              <\/div>\n    <\/div>\n            <\/div>\n      <\/div>\n    <\/div>\n    [\/vc_column][\/vc_row][vc_row][vc_column]      <div class=\"heading-block heading-6098c7226cd24 tac h-h2\">\n                  <h2 class=\"h\"><span>Le Jury<\/span> pour la comp\u00e9tition Courts M\u00e9trages<\/h2>\n              <\/div>\n    [\/vc_column][\/vc_row][vc_row content_placement=&#8221;middle&#8221;][vc_column el_id=&#8221;lepreeees&#8221; uniqid=&#8221;60c01cec0d5c8&#8243;]    <div class=\"team-block team-carousel-\">\n            <div class=\"swiper-container\" data-magic-cursor=\"link-w-text\" data-magic-cursor-text=\"Drag\">\n        <div class=\"swiper-wrapper\">\n              <div class=\"team-item swiper-slide team-item-60c01c56dca38\">\n      <div class=\"avatar\">\n        <div class=\"img\" style=\"background-image: url(https:\/\/rabat-comedy.com\/wp-content\/uploads\/2024\/06\/01-Aziz-Salmi-Acteur-realisateur-et-homme-de-theatre.jpg);\"><\/div>\n              <\/div>\n      <div class=\"bottom\">\n                  <h5 class=\"name\">Aziz Salmi<\/h5>\n                  <div class=\"post\">Acteur, r\u00e9alisateur et homme de th\u00e9\u00e2tre (Pre\u0301sidente du jury)<\/div>\n              <\/div>\n    <\/div>\n            <\/div>\n      <\/div>\n    <\/div>\n    [\/vc_column][\/vc_row][vc_row][vc_column el_id=&#8221;lepreeees&#8221; uniqid=&#8221;60c01cf2cd778&#8243;]    <div class=\"team-block team-carousel-\">\n            <div class=\"swiper-container\" data-magic-cursor=\"link-w-text\" data-magic-cursor-text=\"Drag\">\n        <div class=\"swiper-wrapper\">\n              <div class=\"team-item swiper-slide team-item-62ac1371dfc34\">\n      <div class=\"avatar\">\n        <div class=\"img\" style=\"background-image: url(https:\/\/rabat-comedy.com\/wp-content\/uploads\/2024\/06\/02-Badria-El-Hassani-Scenographer-set-designer.jpg);\"><\/div>\n              <\/div>\n      <div class=\"bottom\">\n                  <h5 class=\"name\">Badria El Hassani<\/h5>\n                  <div class=\"post\">Sc\u00e9nographe et D\u00e9coratrice de cin\u00e9ma<\/div>\n              <\/div>\n    <\/div>\n        <div class=\"team-item swiper-slide team-item-62ac1489b5ba5\">\n      <div class=\"avatar\">\n        <div class=\"img\" style=\"background-image: url(https:\/\/rabat-comedy.com\/wp-content\/uploads\/2024\/06\/04-Amtaghri-Nasser-Acteur.jpg);\"><\/div>\n              <\/div>\n      <div class=\"bottom\">\n                  <h5 class=\"name\">Amtaghri Nasser<\/h5>\n                  <div class=\"post\">Acteur<\/div>\n              <\/div>\n    <\/div>\n        <div class=\"team-item swiper-slide team-item-62ac14a69cfbb\">\n      <div class=\"avatar\">\n        <div class=\"img\" style=\"background-image: url(https:\/\/rabat-comedy.com\/wp-content\/uploads\/2024\/06\/03-Manuela-Fetter-Nicoletti-Brazilian-Film-Distributor-and-ICESCO-Cultural-Expert.jpg);\"><\/div>\n              <\/div>\n      <div class=\"bottom\">\n                  <h5 class=\"name\">Manuela Fetter Nicoletti<\/h5>\n                  <div class=\"post\">Distributrice de film et Experte culturelle \u00e0 l'ICESCO<\/div>\n              <\/div>\n    <\/div>\n        <div class=\"team-item swiper-slide team-item-60c01cba47bd0\">\n      <div class=\"avatar\">\n        <div class=\"img\" style=\"background-image: url(https:\/\/rabat-comedy.com\/wp-content\/uploads\/2024\/06\/5-Abdellah-Sardaoui-Professor-of-cinema.jpg);\"><\/div>\n              <\/div>\n      <div class=\"bottom\">\n                  <h5 class=\"name\">Abdellah Sardaoui<\/h5>\n                  <div class=\"post\">Professeur de cin\u00e9ma<\/div>\n              <\/div>\n    <\/div>\n            <\/div>\n      <\/div>\n    <\/div>\n    [\/vc_column][\/vc_row]<\/p>\n","protected":false},"excerpt":{"rendered":"<p>[vc_row][vc_column][\/vc_column][\/vc_row][vc_row content_placement=&#8221;middle&#8221; uniqid=&#8221;5d797038369d6&#8243;][vc_column el_id=&#8221;lepreeees&#8221; uniqid=&#8221;5d7970d887383&#8243;][\/vc_column][\/vc_row][vc_row uniqid=&#8221;6098d51cc49c3&#8243;][vc_column][\/vc_column][\/vc_row][vc_row][vc_column][\/vc_column][\/vc_row][vc_row content_placement=&#8221;middle&#8221;][vc_column el_id=&#8221;lepreeees&#8221; uniqid=&#8221;60c01cec0d5c8&#8243;][\/vc_column][\/vc_row][vc_row][vc_column el_id=&#8221;lepreeees&#8221; uniqid=&#8221;60c01cf2cd778&#8243;][\/vc_column][\/vc_row]<\/p>\n","protected":false},"author":1,"featured_media":0,"parent":0,"menu_order":0,"comment_status":"closed","ping_status":"closed","template":"","meta":{"_acf_changed":false,"spay_email":"","footnotes":""},"class_list":["post-8885","page","type-page","status-publish","hentry"],"acf":[],"jetpack-related-posts":[{"id":9517,"url":"https:\/\/rabat-comedy.com\/?page_id=9517","url_meta":{"origin":8885,"position":0},"title":"Jury","date":"9 juin 2025","format":false,"excerpt":"[vc_row][vc_column][\/vc_column][\/vc_row][vc_row content_placement=\"middle\" uniqid=\"5d797038369d6\"][vc_column el_id=\"lepreeees\" uniqid=\"5d7970d887383\"][\/vc_column][\/vc_row][vc_row uniqid=\"6098d51cc49c3\"][vc_column][\/vc_column][\/vc_row][vc_row][vc_column][\/vc_column][\/vc_row][vc_row content_placement=\"middle\"][vc_column el_id=\"lepreeees\" uniqid=\"60c01cec0d5c8\"][\/vc_column][\/vc_row][vc_row][vc_column el_id=\"lepreeees\" uniqid=\"60c01cf2cd778\"][\/vc_column][\/vc_row]","rel":"","context":"Article similaire","img":{"alt_text":"","src":"","width":0,"height":0},"classes":[]},{"id":7119,"url":"https:\/\/rabat-comedy.com\/?page_id=7119","url_meta":{"origin":8885,"position":1},"title":"Jury","date":"10 juin 2022","format":false,"excerpt":"[vc_row][vc_column][\/vc_column][\/vc_row][vc_row content_placement=\"middle\" uniqid=\"5d797038369d6\"][vc_column el_id=\"lepreeees\" uniqid=\"5d7970d887383\"][\/vc_column][\/vc_row][vc_row uniqid=\"6098d51cc49c3\"][vc_column][\/vc_column][\/vc_row][vc_row][vc_column][\/vc_column][\/vc_row][vc_row content_placement=\"middle\"][vc_column el_id=\"lepreeees\" uniqid=\"60c01cec0d5c8\"][\/vc_column][\/vc_row][vc_row][vc_column el_id=\"lepreeees\" uniqid=\"60c01cf2cd778\"][\/vc_column][\/vc_row]","rel":"","context":"Article similaire","img":{"alt_text":"","src":"","width":0,"height":0},"classes":[]},{"id":7973,"url":"https:\/\/rabat-comedy.com\/?page_id=7973","url_meta":{"origin":8885,"position":2},"title":"Jury","date":"6 juin 2023","format":false,"excerpt":"[vc_row][vc_column][\/vc_column][\/vc_row][vc_row content_placement=\"middle\" uniqid=\"5d797038369d6\"][vc_column el_id=\"lepreeees\" uniqid=\"5d7970d887383\"][\/vc_column][\/vc_row][vc_row uniqid=\"6098d51cc49c3\"][vc_column][\/vc_column][\/vc_row][vc_row][vc_column][\/vc_column][\/vc_row][vc_row content_placement=\"middle\"][vc_column el_id=\"lepreeees\" uniqid=\"60c01cec0d5c8\"][\/vc_column][\/vc_row][vc_row][vc_column el_id=\"lepreeees\" uniqid=\"60c01cf2cd778\"][\/vc_column][\/vc_row]","rel":"","context":"Article similaire","img":{"alt_text":"","src":"","width":0,"height":0},"classes":[]},{"id":3623,"url":"https:\/\/rabat-comedy.com\/?page_id=3623","url_meta":{"origin":8885,"position":3},"title":"jury","date":"9 septembre 2019","format":false,"excerpt":"[vc_row][vc_column][\/vc_column][\/vc_row][vc_row content_placement=\"middle\" uniqid=\"5d797038369d6\"][vc_column el_id=\"lepreeees\" uniqid=\"5d7970d887383\"][\/vc_column][\/vc_row][vc_row uniqid=\"6098d51cc49c3\"][vc_column][\/vc_column][\/vc_row][vc_row][vc_column][\/vc_column][\/vc_row][vc_row content_placement=\"middle\"][vc_column el_id=\"lepreeees\" uniqid=\"60c01cec0d5c8\"][\/vc_column][\/vc_row][vc_row][vc_column el_id=\"lepreeees\" uniqid=\"60c01cf2cd778\"][\/vc_column][\/vc_row]","rel":"","context":"Article similaire","img":{"alt_text":"","src":"","width":0,"height":0},"classes":[]},{"id":5887,"url":"https:\/\/rabat-comedy.com\/?page_id=5887","url_meta":{"origin":8885,"position":4},"title":"jury","date":"10 mai 2021","format":false,"excerpt":"[vc_row content_placement=\"middle\" uniqid=\"5d797038369d6\"][vc_column el_id=\"lepreeees\" uniqid=\"5d7970d887383\"][\/vc_column][\/vc_row][vc_row content_placement=\"middle\"][vc_column][\/vc_column][\/vc_row][vc_row][vc_column][\/vc_column][\/vc_row]","rel":"","context":"Article similaire","img":{"alt_text":"","src":"","width":0,"height":0},"classes":[]},{"id":1389,"url":"https:\/\/rabat-comedy.com\/","url_meta":{"origin":8885,"position":5},"title":"Accueil","date":"9 juillet 2019","format":false,"excerpt":"[vc_row full_width=\"stretch_row_content_no_spaces\" uniqid=\"5cc7dc44b68ba\"][vc_column][vc_column_text][\/vc_column_text][\/vc_column][\/vc_row][vc_row disable_element=\"yes\" uniqid=\"5d529c16b467c\"][vc_column][vc_column_text][\/vc_column_text][\/vc_column][\/vc_row][vc_row css_animation=\"none\" css=\".vc_custom_1564609260207{padding-top: 95px !important;padding-bottom: 35px !important;}\" uniqid=\"5cc7e14c90d0e\" el_id=\"quisomme\"][vc_column width=\"1\/2\"][vc_column_text][vc_column_text] Le Centre Marocain pour les Initiatives de D\u00e9veloppement dans les domaines du cin\u00e9ma, de l\u2019art et de la culture (CMID) s\u2019est donn\u00e9 pour mission d\u2019organiser le Festival International du Film Rabat-Comedy, en tant que projet culturel\u2026","rel":"","context":"Article similaire","img":{"alt_text":"","src":"","width":0,"height":0},"classes":[]}],"_links":{"self":[{"href":"https:\/\/rabat-comedy.com\/index.php?rest_route=\/wp\/v2\/pages\/8885","targetHints":{"allow":["GET"]}}],"collection":[{"href":"https:\/\/rabat-comedy.com\/index.php?rest_route=\/wp\/v2\/pages"}],"about":[{"href":"https:\/\/rabat-comedy.com\/index.php?rest_route=\/wp\/v2\/types\/page"}],"author":[{"embeddable":true,"href":"https:\/\/rabat-comedy.com\/index.php?rest_route=\/wp\/v2\/users\/1"}],"replies":[{"embeddable":true,"href":"https:\/\/rabat-comedy.com\/index.php?rest_route=%2Fwp%2Fv2%2Fcomments&post=8885"}],"version-history":[{"count":5,"href":"https:\/\/rabat-comedy.com\/index.php?rest_route=\/wp\/v2\/pages\/8885\/revisions"}],"predecessor-version":[{"id":8912,"href":"https:\/\/rabat-comedy.com\/index.php?rest_route=\/wp\/v2\/pages\/8885\/revisions\/8912"}],"wp:attachment":[{"href":"https:\/\/rabat-comedy.com\/index.php?rest_route=%2Fwp%2Fv2%2Fmedia&parent=8885"}],"curies":[{"name":"wp","href":"https:\/\/api.w.org\/{rel}","templated":true}]}}