{"id":8132,"date":"2023-06-17T13:31:51","date_gmt":"2023-06-17T11:31:51","guid":{"rendered":"https:\/\/rabat-comedy.com\/?page_id=8132"},"modified":"2023-06-17T13:31:51","modified_gmt":"2023-06-17T11:31:51","slug":"programme-2023","status":"publish","type":"page","link":"https:\/\/rabat-comedy.com\/?page_id=8132","title":{"rendered":"Programme 2023"},"content":{"rendered":"<p>[vc_row][vc_column][vc_column_text][\/vc_column_text][\/vc_column][\/vc_row]<\/p>\n","protected":false},"excerpt":{"rendered":"<p>[vc_row][vc_column][vc_column_text][\/vc_column_text][\/vc_column][\/vc_row]<\/p>\n","protected":false},"author":1,"featured_media":0,"parent":0,"menu_order":0,"comment_status":"closed","ping_status":"closed","template":"","meta":{"_acf_changed":false,"spay_email":"","footnotes":""},"class_list":["post-8132","page","type-page","status-publish","hentry"],"acf":[],"jetpack-related-posts":[{"id":7000,"url":"https:\/\/rabat-comedy.com\/?page_id=7000","url_meta":{"origin":8132,"position":0},"title":"S\u00e9lection officielle","date":"2 juin 2022","format":false,"excerpt":"[vc_row][vc_column][vc_column_text][\/vc_column_text][\/vc_column][\/vc_row][vc_row][vc_column][vc_column_text][\/vc_column_text][\/vc_column][\/vc_row]","rel":"","context":"Article similaire","img":{"alt_text":"","src":"","width":0,"height":0},"classes":[]},{"id":7643,"url":"https:\/\/rabat-comedy.com\/?page_id=7643","url_meta":{"origin":8132,"position":1},"title":"R\u00e8glement du festival international du film rabat-comedy","date":"14 mars 2023","format":false,"excerpt":"[vc_row full_width=\"stretch_row_content_no_spaces\" uniqid=\"5cc7dc44b68ba\"][vc_column][vc_column_text] [\/vc_column_text][\/vc_column][\/vc_row][vc_row][vc_column][vc_column_text]Veuillez lire attentivement ces r\u00e8gles et conditions avant de soumettre votre film. En soumettant votre film en comp\u00e9tition au Festival international du film Rabat-Comedy, vous reconnaissez et acceptez express\u00e9ment que vous serez li\u00e9 par les pr\u00e9sentes r\u00e8gles et conditions. Tous les films qui ne sont pas en\u2026","rel":"","context":"Article similaire","img":{"alt_text":"","src":"","width":0,"height":0},"classes":[]},{"id":9290,"url":"https:\/\/rabat-comedy.com\/?page_id=9290","url_meta":{"origin":8132,"position":2},"title":"R\u00e8glement du festival international du film rabat-comedy","date":"15 mai 2025","format":false,"excerpt":"[vc_row full_width=\"stretch_row_content_no_spaces\" uniqid=\"5cc7dc44b68ba\"][vc_column][vc_column_text][\/vc_column_text][\/vc_column][\/vc_row][vc_row][vc_column][vc_column_text]Veuillez lire attentivement ces r\u00e8gles et conditions avant de soumettre votre film. En soumettant votre film en comp\u00e9tition au Festival international du film Rabat-Comedy, vous reconnaissez et acceptez express\u00e9ment que vous serez li\u00e9 par les pr\u00e9sentes r\u00e8gles et conditions. Tous les films doivent \u00eatre sous-titr\u00e9s en anglais. Les\u2026","rel":"","context":"Article similaire","img":{"alt_text":"","src":"","width":0,"height":0},"classes":[]},{"id":7763,"url":"https:\/\/rabat-comedy.com\/?page_id=7763","url_meta":{"origin":8132,"position":3},"title":"Programme 2022","date":"29 mars 2023","format":false,"excerpt":"[vc_row][vc_column][vc_single_image image=\"7764\" img_size=\"full\" alignment=\"center\"][\/vc_column][\/vc_row]","rel":"","context":"Article similaire","img":{"alt_text":"","src":"","width":0,"height":0},"classes":[]},{"id":8913,"url":"https:\/\/rabat-comedy.com\/?page_id=8913","url_meta":{"origin":8132,"position":4},"title":"Programme 2024","date":"7 juin 2024","format":false,"excerpt":"[vc_row][vc_column][vc_single_image image=\"8914\" img_size=\"full\" alignment=\"center\"][\/vc_column][\/vc_row]","rel":"","context":"Article similaire","img":{"alt_text":"","src":"","width":0,"height":0},"classes":[]},{"id":7270,"url":"https:\/\/rabat-comedy.com\/?page_id=7270","url_meta":{"origin":8132,"position":5},"title":"Programme du festival","date":"30 juin 2022","format":false,"excerpt":"[vc_row][vc_column][vc_single_image image=\"7271\" img_size=\"full\" alignment=\"center\"][\/vc_column][\/vc_row]","rel":"","context":"Article similaire","img":{"alt_text":"","src":"","width":0,"height":0},"classes":[]}],"_links":{"self":[{"href":"https:\/\/rabat-comedy.com\/index.php?rest_route=\/wp\/v2\/pages\/8132","targetHints":{"allow":["GET"]}}],"collection":[{"href":"https:\/\/rabat-comedy.com\/index.php?rest_route=\/wp\/v2\/pages"}],"about":[{"href":"https:\/\/rabat-comedy.com\/index.php?rest_route=\/wp\/v2\/types\/page"}],"author":[{"embeddable":true,"href":"https:\/\/rabat-comedy.com\/index.php?rest_route=\/wp\/v2\/users\/1"}],"replies":[{"embeddable":true,"href":"https:\/\/rabat-comedy.com\/index.php?rest_route=%2Fwp%2Fv2%2Fcomments&post=8132"}],"version-history":[{"count":1,"href":"https:\/\/rabat-comedy.com\/index.php?rest_route=\/wp\/v2\/pages\/8132\/revisions"}],"predecessor-version":[{"id":8134,"href":"https:\/\/rabat-comedy.com\/index.php?rest_route=\/wp\/v2\/pages\/8132\/revisions\/8134"}],"wp:attachment":[{"href":"https:\/\/rabat-comedy.com\/index.php?rest_route=%2Fwp%2Fv2%2Fmedia&parent=8132"}],"curies":[{"name":"wp","href":"https:\/\/api.w.org\/{rel}","templated":true}]}}