{"id":7643,"date":"2023-03-14T20:58:36","date_gmt":"2023-03-14T19:58:36","guid":{"rendered":"https:\/\/rabat-comedy.com\/?page_id=7643"},"modified":"2024-05-11T19:48:40","modified_gmt":"2024-05-11T17:48:40","slug":"reglement-du-festival-international-du-film-rabat-comedy-23","status":"publish","type":"page","link":"https:\/\/rabat-comedy.com\/?page_id=7643","title":{"rendered":"R\u00e8glement du festival international du film rabat-comedy"},"content":{"rendered":"<p>[vc_row full_width=&#8221;stretch_row_content_no_spaces&#8221; uniqid=&#8221;5cc7dc44b68ba&#8221;][vc_column][vc_column_text]    <section class=\"banner-area banner-area-5cc7db9895991 banner-default bsl-right current-white\">\n            <div class=\"banner-item white tac\" style=\"height: 340px;\">\n        \n    <div class=\"bg-overlay\">\n          <\/div>\n\n            <div class=\"container\">\n          <div class=\"row align-items-center fixed-height\" style=\"height: 340px;\">\n            <div class=\"col\">\n                              <div class=\"heading-block tac\">\n                                      <h1 class=\"h\">R\u00e8glement du Festival international<br \/>\ndu film <span>rabat-comedy<\/span><\/h1>\n                                  <\/div>\n                          <\/div>\n          <\/div>\n        <\/div>\n      <\/div>\n    <\/section>\n<div id=\"simple-translate\">\n<div>\n<div class=\"simple-translate-button isShow\" style=\"background-image: url('moz-extension:\/\/4d5842c1-f058-4d05-ad95-4eadfe2a7a47\/icons\/512.png'); height: 22px; width: 22px; top: 63px; left: 471px;\"><\/div>\n<div class=\"simple-translate-panel \" style=\"width: 300px; height: 200px; top: 0px; left: 0px; font-size: 13px; background-color: #ffffff;\">\n<div class=\"simple-translate-result-wrapper\" style=\"overflow: hidden;\">\n<div class=\"simple-translate-move\" draggable=\"true\"><\/div>\n<div class=\"simple-translate-result-contents\">\n<p class=\"simple-translate-candidate\" dir=\"auto\" style=\"color: #737373;\">\n<\/div>\n<\/div>\n<\/div>\n<\/div>\n<\/div>\n<p>[\/vc_column_text][\/vc_column][\/vc_row][vc_row][vc_column][vc_column_text]<span style=\"font-size: 18px;\">Veuillez lire attentivement ces r\u00e8gles et conditions avant de soumettre votre film. En soumettant votre film en comp\u00e9tition au Festival international du film Rabat-Comedy, vous reconnaissez et acceptez express\u00e9ment que vous serez li\u00e9 par les pr\u00e9sentes r\u00e8gles et conditions.<br \/>\nTous les films qui ne sont pas en anglais doivent \u00eatre sous-titr\u00e9s en anglais. Les sous-titres doivent \u00eatre incrust\u00e9s dans le film. Si vous avez des sous-titres pour votre film en fran\u00e7ais et\/ou en arabe, merci de nous les faire parvenir aussi avec le film, sous forme de fichier SRT.<br \/>\nLes films doivent appartenir exclusivement au genre com\u00e9die.<br \/>\nLes courts m\u00e9trages doivent durer entre 3 et 29 minutes.<br \/>\nLes longs m\u00e9trages doivent durer entre 70 et 150 minutes.<br \/>\nTous les films doivent avoir \u00e9t\u00e9 termin\u00e9s apr\u00e8s le 1 janvier 2021.<br \/>\nAucun statut de premi\u00e8re n&#8217;est requis pour les films participants.<br \/>\nLes films soumis doivent \u00eatre accessibles via la plateforme FilmFreeway pour \u00eatre visionner par les membres du comit\u00e9 de s\u00e9lection des films.<br \/>\nLa date butoir de soumission des films est le 15 Avril 2023 \u00e0 23 :59h.<br \/>\nLes films s\u00e9lectionn\u00e9s seront notifi\u00e9s vers le 15 Mai 2023.<br \/>\nAucun envoi postal et postal accept\u00e9.<br \/>\nDurant le festival, les films s\u00e9lectionn\u00e9s peuvent \u00eatre projet\u00e9s plus d&#8217;une fois et sont programm\u00e9s \u00e0 la discr\u00e9tion du personnel du festival.<br \/>\nLes films s\u00e9lectionn\u00e9s doivent \u00eatre transf\u00e9r\u00e9s num\u00e9riquement au festival dans un format de projection Full HD avant le 1 Juin 2023. Par ailleurs, 6 images du film, une photo portrait du r\u00e9alisateur, l&#8217;affiche, le synopsis et une fiche d&#8217;information sur le film doivent aussi \u00eatre transf\u00e9r\u00e9es au festival en m\u00eame temps.<br \/>\nLes participants accordent le droit d&#8217;utiliser des extraits des films soumis et accept\u00e9s \u00e0 des fins promotionnelles.<br \/>\nEn soumettant leur film, les participants confirment leurs droits sur le film. Il est de leur responsabilit\u00e9 d&#8217;obtenir toutes les autorisations l\u00e9gales pour tout mat\u00e9riel prot\u00e9g\u00e9 par le droit d&#8217;auteur, pouvant \u00eatre utilis\u00e9 dans leur film.<br \/>\nLes r\u00e8gles, termes et conditions ci-dessus peuvent \u00eatre sujets \u00e0 changement \u00e0 la discr\u00e9tion de la commission du festival qui a \u00e9galement le droit de prendre des d\u00e9cisions sur les sujets non pr\u00e9vus par ces r\u00e8gles.<br \/>\n<\/span>[\/vc_column_text][\/vc_column][\/vc_row][vc_row disable_element=&#8221;yes&#8221; uniqid=&#8221;6098312889ff9&#8243;][vc_column][vc_column_text]En soumettant votre film en comp\u00e9tition au Festival international du film de Rabat-Comedy, vous reconnaissez et acceptez express\u00e9ment que vous serez li\u00e9 par les pr\u00e9sentes r\u00e8gles et conditions.<\/p>\n<ul>\n<li>Tous les films qui ne sont ni en anglais ni en fran\u00e7ais doivent \u00eatre sous-titr\u00e9s en anglais ou en fran\u00e7ais.<\/li>\n<li>Les films doivent \u00eatre des com\u00e9dies ayant \u00e9t\u00e9 termin\u00e9s apr\u00e8s le 1er janvier 2016 et doivent avoir une dur\u00e9e entre 5 et 25 minutes.<\/li>\n<li>Aucun statut de premi\u00e8re n&#8217;est requis pour les films participants.<\/li>\n<li>Les films soumis doivent \u00eatre accessibles via internet pour \u00eatre visionner par les membres du comit\u00e9 de s\u00e9lection des films.<\/li>\n<li>La date butoir de soumission des film est le 15 Juillet 2019 \u00e0 23 :59h.<\/li>\n<li>Les films s\u00e9lectionn\u00e9s seront notifi\u00e9s vers le 10 Ao\u00fbt 2019.<\/li>\n<li>Aucun envoi postal et postal accept\u00e9.<\/li>\n<li>Tous les films accept\u00e9s peuvent \u00eatre projet\u00e9s plus d&#8217;une fois et sont programm\u00e9s \u00e0 la discr\u00e9tion du personnel du festival.<\/li>\n<li>Tous les films accept\u00e9s doivent \u00eatre transf\u00e9r\u00e9s num\u00e9riquement au festival dans un format de projection Full HD avant le 20 ao\u00fbt 2019. Par ailleurs, 6 images du film, une photo portrait du r\u00e9alisateur et l&#8217;affiche du film doivent aussi \u00eatre transf\u00e9r\u00e9es au festival.<\/li>\n<li>Les participants accordent le droit d&#8217;utiliser des extraits des films soumis et accept\u00e9s \u00e0 des fins promotionnelles.<\/li>\n<li>En soumettant leur film, les participants confirment leurs droits sur le film. Il est de leur responsabilit\u00e9 d&#8217;obtenir toutes les autorisations l\u00e9gales pour tout mat\u00e9riel prot\u00e9g\u00e9 par le droit d&#8217;auteur, pouvant \u00eatre utilis\u00e9 dans le film.<\/li>\n<li>Les r\u00e8gles, termes et conditions ci-dessus peuvent \u00eatre sujets \u00e0 changement \u00e0 la discr\u00e9tion de la commission du festival qui a \u00e9galement le droit de prendre des d\u00e9cisions sur les sujets non pr\u00e9vus par ces r\u00e8gles.<\/li>\n<\/ul>\n<p>[\/vc_column_text][\/vc_column][\/vc_row][vc_row disable_element=&#8221;yes&#8221; uniqid=&#8221;5d3258da7ba33&#8243;][vc_column][vc_column_text]      <div class=\"heading-block heading-5d27ab9fee3f1 tac h-h2\">\n                  <h2 class=\"h\">Formulaire d'inscription a la pre-selection<\/h2>\n              <\/div>\n    [vc_column_text]<\/p>\n<h4 style=\"text-align: center;\"><span style=\"font-size: 17px;\">Festival international du film rabat-comedy 10 au 14 septembre 2019<\/span><br \/>\n<span style=\"font-size: 17px;\">COMPETITION OFFICIELLE<\/span><br \/>\n<span style=\"font-size: 17px;\">Date limite d&#8217;inscription: 15 juillet 2019<\/span><\/h4>\n<p>[\/vc_column_text]\n<div class=\"wpcf7 no-js\" id=\"wpcf7-f1431-o1\" lang=\"en-US\" dir=\"ltr\">\n<div class=\"screen-reader-response\"><p role=\"status\" aria-live=\"polite\" aria-atomic=\"true\"><\/p> <ul><\/ul><\/div>\n<form action=\"\/index.php?rest_route=%2Fwp%2Fv2%2Fpages%2F7643#wpcf7-f1431-o1\" method=\"post\" class=\"wpcf7-form init\" aria-label=\"Contact form\" novalidate=\"novalidate\" data-status=\"init\">\n<div style=\"display: none;\">\n<input type=\"hidden\" name=\"_wpcf7\" value=\"1431\" \/>\n<input type=\"hidden\" name=\"_wpcf7_version\" value=\"5.9.4\" \/>\n<input type=\"hidden\" name=\"_wpcf7_locale\" value=\"en_US\" \/>\n<input type=\"hidden\" name=\"_wpcf7_unit_tag\" value=\"wpcf7-f1431-o1\" \/>\n<input type=\"hidden\" name=\"_wpcf7_container_post\" value=\"0\" \/>\n<input type=\"hidden\" name=\"_wpcf7_posted_data_hash\" value=\"\" \/>\n<input type=\"hidden\" name=\"_wpcf7cf_hidden_group_fields\" value=\"[]\" \/>\n<input type=\"hidden\" name=\"_wpcf7cf_hidden_groups\" value=\"[]\" \/>\n<input type=\"hidden\" name=\"_wpcf7cf_visible_groups\" value=\"[]\" \/>\n<input type=\"hidden\" name=\"_wpcf7cf_repeaters\" value=\"[]\" \/>\n<input type=\"hidden\" name=\"_wpcf7cf_steps\" value=\"{}\" \/>\n<input type=\"hidden\" name=\"_wpcf7cf_options\" value=\"{&quot;form_id&quot;:1431,&quot;conditions&quot;:[],&quot;settings&quot;:{&quot;animation&quot;:&quot;yes&quot;,&quot;animation_intime&quot;:200,&quot;animation_outtime&quot;:200,&quot;conditions_ui&quot;:&quot;normal&quot;,&quot;notice_dismissed&quot;:false}}\" \/>\n<\/div>\n<div class=\"contact-form\">\n    <fieldset>\n        <legend>SECTION DE FILM<\/legend>\n        <div class=\"input-row\"><label>Titre original <span>*<\/span><\/label><span class=\"wpcf7-form-control-wrap\" data-name=\"f-titre\"><input size=\"40\" class=\"wpcf7-form-control wpcf7-text style1\" aria-invalid=\"false\" value=\"\" type=\"text\" name=\"f-titre\" \/><\/span><\/div>\n        <div class=\"input-row\"><label>Titre en Anglais <span>*<\/span><\/label><span class=\"wpcf7-form-control-wrap\" data-name=\"f-titre-en\"><input size=\"40\" class=\"wpcf7-form-control wpcf7-text style1\" aria-invalid=\"false\" value=\"\" type=\"text\" name=\"f-titre-en\" \/><\/span><\/div>\n        <div class=\"input-row\"><label>Premier film <span>*<\/span><\/label><span class=\"wpcf7-form-control-wrap\" data-name=\"p-film\"><span class=\"wpcf7-form-control wpcf7-radio style1\"><span class=\"wpcf7-list-item first\"><input type=\"radio\" name=\"p-film\" value=\"Oui\" checked=\"checked\" \/><span class=\"wpcf7-list-item-label\">Oui<\/span><\/span><span class=\"wpcf7-list-item last\"><input type=\"radio\" name=\"p-film\" value=\"Non\" \/><span class=\"wpcf7-list-item-label\">Non<\/span><\/span><\/span><\/span><\/div>\n        <div class=\"input-row\"><label>Ann\u00e9e de production <span>*<\/span><\/label><span class=\"wpcf7-form-control-wrap\" data-name=\"anne\"><input size=\"40\" class=\"wpcf7-form-control wpcf7-text wpcf7-validates-as-required style1\" aria-required=\"true\" aria-invalid=\"false\" value=\"\" type=\"text\" name=\"anne\" \/><\/span><\/div>\n        <div class=\"input-row\"><label>Lien web pour le film <span>*<\/span><\/label><span class=\"wpcf7-form-control-wrap\" data-name=\"lien-f\"><input size=\"40\" class=\"wpcf7-form-control wpcf7-text wpcf7-validates-as-required style1\" aria-required=\"true\" aria-invalid=\"false\" value=\"\" type=\"text\" name=\"lien-f\" \/><\/span><\/div>\n        <div class=\"input-row\"><label>Mot de passe du lien web pour film <\/label><span class=\"wpcf7-form-control-wrap\" data-name=\"pass-f\"><input size=\"40\" class=\"wpcf7-form-control wpcf7-text style1\" aria-invalid=\"false\" value=\"\" type=\"text\" name=\"pass-f\" \/><\/span><\/div>\n    <\/fieldset>\n<\/div>\n<div class=\"contact-form\">\n    <fieldset>\n        <legend>SOUMISSIONNAIRE<\/legend>\n        <div class=\"input-row\"><label>R\u00f4le <span>*<\/span><\/label><span class=\"wpcf7-form-control-wrap\" data-name=\"checkbox-435\"><span class=\"wpcf7-form-control wpcf7-checkbox wpcf7-validates-as-required\"><span class=\"wpcf7-list-item first\"><label><input type=\"checkbox\" name=\"checkbox-435[]\" value=\"R\u00e9alisateur\" \/><span class=\"wpcf7-list-item-label\">R\u00e9alisateur<\/span><\/label><\/span><span class=\"wpcf7-list-item\"><label><input type=\"checkbox\" name=\"checkbox-435[]\" value=\"Producteur\" \/><span class=\"wpcf7-list-item-label\">Producteur<\/span><\/label><\/span><span class=\"wpcf7-list-item last\"><label><input type=\"checkbox\" name=\"checkbox-435[]\" value=\"Distributeur\" \/><span class=\"wpcf7-list-item-label\">Distributeur<\/span><\/label><\/span><\/span><\/span><\/div>\n        <div class=\"input-row\"><label>Nom <span>*<\/span><\/label><span class=\"wpcf7-form-control-wrap\" data-name=\"r-nom\"><input size=\"40\" class=\"wpcf7-form-control wpcf7-text style1\" aria-invalid=\"false\" value=\"\" type=\"text\" name=\"r-nom\" \/><\/span><\/div>\n        <div class=\"input-row\"><label>Pr\u00e9nom <span>*<\/span><\/label><span class=\"wpcf7-form-control-wrap\" data-name=\"r-prenom\"><input size=\"40\" class=\"wpcf7-form-control wpcf7-text style1\" aria-invalid=\"false\" value=\"\" type=\"text\" name=\"r-prenom\" \/><\/span><\/div>\n        <div class=\"input-row\"><label>Adresse postale <span>*<\/span><\/label><span class=\"wpcf7-form-control-wrap\" data-name=\"r-adresse\"><input size=\"40\" class=\"wpcf7-form-control wpcf7-text wpcf7-validates-as-required style1\" aria-required=\"true\" aria-invalid=\"false\" value=\"\" type=\"text\" name=\"r-adresse\" \/><\/span><\/div>\n        <div class=\"input-row\"><label>Ville <span>*<\/span><\/label><span class=\"wpcf7-form-control-wrap\" data-name=\"r-ville\"><input size=\"40\" class=\"wpcf7-form-control wpcf7-text wpcf7-validates-as-required style1\" aria-required=\"true\" aria-invalid=\"false\" value=\"\" type=\"text\" name=\"r-ville\" \/><\/span><\/div>\n        <div class=\"input-row\"><label>Code postal <span>*<\/span><\/label><span class=\"wpcf7-form-control-wrap\" data-name=\"r-postal\"><input size=\"40\" class=\"wpcf7-form-control wpcf7-text style1\" aria-invalid=\"false\" value=\"\" type=\"text\" name=\"r-postal\" \/><\/span><\/div>\n        <div class=\"input-row\"><label>Pays <span>*<\/span><\/label><span class=\"wpcf7-form-control-wrap\" data-name=\"r-pays\"><input size=\"40\" class=\"wpcf7-form-control wpcf7-text wpcf7-validates-as-required style1\" aria-required=\"true\" aria-invalid=\"false\" value=\"\" type=\"text\" name=\"r-pays\" \/><\/span><\/div>\n        <div class=\"input-row\"><label>Tel <span>*<\/span><\/label><span class=\"wpcf7-form-control-wrap\" data-name=\"r-tel\"><input size=\"40\" class=\"wpcf7-form-control wpcf7-text wpcf7-validates-as-required style1\" aria-required=\"true\" aria-invalid=\"false\" value=\"\" type=\"text\" name=\"r-tel\" \/><\/span><\/div>\n        <div class=\"input-row\"><label>E-mail <span>*<\/span><\/label><span class=\"wpcf7-form-control-wrap\" data-name=\"r-E-mail\"><input size=\"40\" class=\"wpcf7-form-control wpcf7-text wpcf7-validates-as-required style1\" aria-required=\"true\" aria-invalid=\"false\" value=\"\" type=\"text\" name=\"r-E-mail\" \/><\/span><\/div>\n        <div class=\"input-row\"><span class=\"wpcf7-form-control-wrap\" data-name=\"acceptance-622\"><span class=\"wpcf7-form-control wpcf7-acceptance\"><span class=\"wpcf7-list-item\"><label><input type=\"checkbox\" name=\"acceptance-622\" value=\"1\" aria-invalid=\"false\" \/><span class=\"wpcf7-list-item-label\">J\u2019accepte toutes <a href=\"https:\/\/rabat-comedy.com\/reglement-du-festival-international-du-film-rabat-comedy-22\/\" target=\"_blank\"> les conditions du r\u00e8glement de la 3\u00e8me \u00e9dition du Festival International du Film Rabat-Comedy.<\/a><\/span><\/label><\/span><\/span><\/span><\/div>\n    <\/fieldset>\n<\/div>\n\n<input class=\"wpcf7-form-control wpcf7-submit has-spinner\" type=\"submit\" value=\"Envoyer\" \/><input type='hidden' class='wpcf7-pum' value='{\"closepopup\":false,\"closedelay\":0,\"openpopup\":false,\"openpopup_id\":0}' \/><div class=\"wpcf7-response-output\" aria-hidden=\"true\"><\/div>\n<\/form>\n<\/div>\n[\/vc_column][\/vc_row]<\/p>\n","protected":false},"excerpt":{"rendered":"<p>[vc_row full_width=&#8221;stretch_row_content_no_spaces&#8221; uniqid=&#8221;5cc7dc44b68ba&#8221;][vc_column][vc_column_text] [\/vc_column_text][\/vc_column][\/vc_row][vc_row][vc_column][vc_column_text]Veuillez lire attentivement ces r\u00e8gles et conditions avant de soumettre votre film. En soumettant votre film en comp\u00e9tition au Festival international du film Rabat-Comedy, vous reconnaissez et acceptez express\u00e9ment que vous serez li\u00e9 par les pr\u00e9sentes r\u00e8gles et conditions. Tous les films qui ne sont pas en anglais doivent \u00eatre sous-titr\u00e9s en [&hellip;]<\/p>\n","protected":false},"author":1,"featured_media":0,"parent":0,"menu_order":0,"comment_status":"closed","ping_status":"open","template":"template-landing.php","meta":{"_acf_changed":false,"spay_email":"","footnotes":""},"class_list":["post-7643","page","type-page","status-publish","hentry"],"acf":[],"jetpack-related-posts":[{"id":9290,"url":"https:\/\/rabat-comedy.com\/?page_id=9290","url_meta":{"origin":7643,"position":0},"title":"R\u00e8glement du festival international du film rabat-comedy","date":"15 mai 2025","format":false,"excerpt":"[vc_row full_width=\"stretch_row_content_no_spaces\" uniqid=\"5cc7dc44b68ba\"][vc_column][vc_column_text][\/vc_column_text][\/vc_column][\/vc_row][vc_row][vc_column][vc_column_text]Veuillez lire attentivement ces r\u00e8gles et conditions avant de soumettre votre film. En soumettant votre film en comp\u00e9tition au Festival international du film Rabat-Comedy, vous reconnaissez et acceptez express\u00e9ment que vous serez li\u00e9 par les pr\u00e9sentes r\u00e8gles et conditions. Tous les films doivent \u00eatre sous-titr\u00e9s en anglais. Les\u2026","rel":"","context":"Article similaire","img":{"alt_text":"","src":"","width":0,"height":0},"classes":[]},{"id":8686,"url":"https:\/\/rabat-comedy.com\/?page_id=8686","url_meta":{"origin":7643,"position":1},"title":"R\u00e8glement du festival international du film rabat-comedy","date":"11 mai 2024","format":false,"excerpt":"[vc_row full_width=\"stretch_row_content_no_spaces\" uniqid=\"5cc7dc44b68ba\"][vc_column][vc_column_text][\/vc_column_text][\/vc_column][\/vc_row][vc_row][vc_column][vc_column_text]Veuillez lire attentivement ces r\u00e8gles et conditions avant de soumettre votre film. En soumettant votre film en comp\u00e9tition au Festival international du film Rabat-Comedy, vous reconnaissez et acceptez express\u00e9ment que vous serez li\u00e9 par les pr\u00e9sentes r\u00e8gles et conditions. Tous les films qui ne sont pas en anglais\u2026","rel":"","context":"Article similaire","img":{"alt_text":"","src":"","width":0,"height":0},"classes":[]},{"id":6829,"url":"https:\/\/rabat-comedy.com\/?page_id=6829","url_meta":{"origin":7643,"position":2},"title":"R\u00e8glement du festival international du film rabat-comedy","date":"12 avril 2022","format":false,"excerpt":"[vc_row full_width=\"stretch_row_content_no_spaces\" uniqid=\"5cc7dc44b68ba\"][vc_column][vc_column_text] [\/vc_column_text][\/vc_column][\/vc_row][vc_row][vc_column][vc_column_text]Veuillez lire attentivement ces r\u00e8gles et conditions avant de soumettre votre film. En soumettant votre film au Festival international du film Rabat-Comedy, vous reconnaissez et acceptez express\u00e9ment que vous serez li\u00e9 par les pr\u00e9sentes r\u00e8gles et conditions. Tous les films qui ne sont pas en anglais doivent\u2026","rel":"","context":"Article similaire","img":{"alt_text":"","src":"","width":0,"height":0},"classes":[]},{"id":1423,"url":"https:\/\/rabat-comedy.com\/?page_id=1423","url_meta":{"origin":7643,"position":3},"title":"Reglement du festival international du film rabat-comedy","date":"11 juillet 2019","format":false,"excerpt":"[vc_row full_width=\"stretch_row_content_no_spaces\" uniqid=\"5cc7dc44b68ba\"][vc_column][\/vc_column][\/vc_row][vc_row][vc_column][vc_column_text]Veuillez lire attentivement ces r\u00e8gles et conditions avant de soumettre votre film. En soumettant votre film en comp\u00e9tition au Festival international du film de Rabat-Comedy, vous reconnaissez et acceptez express\u00e9ment que vous serez li\u00e9 par les pr\u00e9sentes r\u00e8gles et conditions. Tous les films qui ne sont pas en\u2026","rel":"","context":"Article similaire","img":{"alt_text":"","src":"","width":0,"height":0},"classes":[]},{"id":1389,"url":"https:\/\/rabat-comedy.com\/","url_meta":{"origin":7643,"position":4},"title":"Accueil","date":"9 juillet 2019","format":false,"excerpt":"[vc_row full_width=\"stretch_row_content_no_spaces\" uniqid=\"5cc7dc44b68ba\"][vc_column][vc_column_text][\/vc_column_text][\/vc_column][\/vc_row][vc_row disable_element=\"yes\" uniqid=\"5d529c16b467c\"][vc_column][vc_column_text][\/vc_column_text][\/vc_column][\/vc_row][vc_row css_animation=\"none\" css=\".vc_custom_1564609260207{padding-top: 95px !important;padding-bottom: 35px !important;}\" uniqid=\"5cc7e14c90d0e\" el_id=\"quisomme\"][vc_column width=\"1\/2\"][vc_column_text][vc_column_text] Le Centre Marocain pour les Initiatives de D\u00e9veloppement dans les domaines du cin\u00e9ma, de l\u2019art et de la culture (CMID) s\u2019est donn\u00e9 pour mission d\u2019organiser le Festival International du Film Rabat-Comedy, en tant que projet culturel\u2026","rel":"","context":"Article similaire","img":{"alt_text":"","src":"","width":0,"height":0},"classes":[]},{"id":7623,"url":"https:\/\/rabat-comedy.com\/?page_id=7623","url_meta":{"origin":7643,"position":5},"title":"PALMAR\u00c8S","date":"9 juillet 2022","format":false,"excerpt":"[vc_row full_width=\"stretch_row_content_no_spaces\" uniqid=\"5cc7dc44b68ba\" css=\".vc_custom_1570143561732{margin-bottom: 20px !important;}\"][vc_column][\/vc_column][\/vc_row][vc_row][vc_column][vc_single_image image=\"7548\" img_size=\"full\"][\/vc_column][\/vc_row][vc_row css=\".vc_custom_1563706440770{padding-top: 0px !important;padding-bottom: 60px !important;}\" uniqid=\"5d2d1815f426b\"][vc_column uniqid=\"5d34444bbed0d\"][vc_column_text]Deux mentions sp\u00e9ciales pour les films: SWIPE AT FIRST SIGHT de Kevin de la Isla O\u2019Neill d\u2019Irlande. TURNUL DIN PISA de Bogdan Iliesiu de Roumanie. Le Prix du 1 er R\u00f4le Masculin ex aequo pour :\u2026","rel":"","context":"Article similaire","img":{"alt_text":"","src":"","width":0,"height":0},"classes":[]}],"_links":{"self":[{"href":"https:\/\/rabat-comedy.com\/index.php?rest_route=\/wp\/v2\/pages\/7643","targetHints":{"allow":["GET"]}}],"collection":[{"href":"https:\/\/rabat-comedy.com\/index.php?rest_route=\/wp\/v2\/pages"}],"about":[{"href":"https:\/\/rabat-comedy.com\/index.php?rest_route=\/wp\/v2\/types\/page"}],"author":[{"embeddable":true,"href":"https:\/\/rabat-comedy.com\/index.php?rest_route=\/wp\/v2\/users\/1"}],"replies":[{"embeddable":true,"href":"https:\/\/rabat-comedy.com\/index.php?rest_route=%2Fwp%2Fv2%2Fcomments&post=7643"}],"version-history":[{"count":2,"href":"https:\/\/rabat-comedy.com\/index.php?rest_route=\/wp\/v2\/pages\/7643\/revisions"}],"predecessor-version":[{"id":7656,"href":"https:\/\/rabat-comedy.com\/index.php?rest_route=\/wp\/v2\/pages\/7643\/revisions\/7656"}],"wp:attachment":[{"href":"https:\/\/rabat-comedy.com\/index.php?rest_route=%2Fwp%2Fv2%2Fmedia&parent=7643"}],"curies":[{"name":"wp","href":"https:\/\/api.w.org\/{rel}","templated":true}]}}