{"id":7270,"date":"2022-06-30T10:51:14","date_gmt":"2022-06-30T08:51:14","guid":{"rendered":"https:\/\/rabat-comedy.com\/?page_id=7270"},"modified":"2022-06-30T10:51:14","modified_gmt":"2022-06-30T08:51:14","slug":"programme-du-festival","status":"publish","type":"page","link":"https:\/\/rabat-comedy.com\/?page_id=7270","title":{"rendered":"Programme du festival"},"content":{"rendered":"<p>[vc_row][vc_column][vc_single_image image=&#8221;7271&#8243; img_size=&#8221;full&#8221; alignment=&#8221;center&#8221;][\/vc_column][\/vc_row]<\/p>\n","protected":false},"excerpt":{"rendered":"<p>[vc_row][vc_column][vc_single_image image=&#8221;7271&#8243; img_size=&#8221;full&#8221; alignment=&#8221;center&#8221;][\/vc_column][\/vc_row]<\/p>\n","protected":false},"author":1,"featured_media":0,"parent":0,"menu_order":0,"comment_status":"closed","ping_status":"closed","template":"","meta":{"_acf_changed":false,"spay_email":"","footnotes":""},"class_list":["post-7270","page","type-page","status-publish","hentry"],"acf":[],"jetpack-related-posts":[{"id":1423,"url":"https:\/\/rabat-comedy.com\/?page_id=1423","url_meta":{"origin":7270,"position":0},"title":"Reglement du festival international du film rabat-comedy","date":"11 juillet 2019","format":false,"excerpt":"[vc_row full_width=\"stretch_row_content_no_spaces\" uniqid=\"5cc7dc44b68ba\"][vc_column][\/vc_column][\/vc_row][vc_row][vc_column][vc_column_text]Veuillez lire attentivement ces r\u00e8gles et conditions avant de soumettre votre film. En soumettant votre film en comp\u00e9tition au Festival international du film de Rabat-Comedy, vous reconnaissez et acceptez express\u00e9ment que vous serez li\u00e9 par les pr\u00e9sentes r\u00e8gles et conditions. Tous les films qui ne sont pas en\u2026","rel":"","context":"Article similaire","img":{"alt_text":"","src":"","width":0,"height":0},"classes":[]},{"id":6829,"url":"https:\/\/rabat-comedy.com\/?page_id=6829","url_meta":{"origin":7270,"position":1},"title":"R\u00e8glement du festival international du film rabat-comedy","date":"12 avril 2022","format":false,"excerpt":"[vc_row full_width=\"stretch_row_content_no_spaces\" uniqid=\"5cc7dc44b68ba\"][vc_column][vc_column_text] [\/vc_column_text][\/vc_column][\/vc_row][vc_row][vc_column][vc_column_text]Veuillez lire attentivement ces r\u00e8gles et conditions avant de soumettre votre film. En soumettant votre film au Festival international du film Rabat-Comedy, vous reconnaissez et acceptez express\u00e9ment que vous serez li\u00e9 par les pr\u00e9sentes r\u00e8gles et conditions. Tous les films qui ne sont pas en anglais doivent\u2026","rel":"","context":"Article similaire","img":{"alt_text":"","src":"","width":0,"height":0},"classes":[]},{"id":7643,"url":"https:\/\/rabat-comedy.com\/?page_id=7643","url_meta":{"origin":7270,"position":2},"title":"R\u00e8glement du festival international du film rabat-comedy","date":"14 mars 2023","format":false,"excerpt":"[vc_row full_width=\"stretch_row_content_no_spaces\" uniqid=\"5cc7dc44b68ba\"][vc_column][vc_column_text] [\/vc_column_text][\/vc_column][\/vc_row][vc_row][vc_column][vc_column_text]Veuillez lire attentivement ces r\u00e8gles et conditions avant de soumettre votre film. En soumettant votre film en comp\u00e9tition au Festival international du film Rabat-Comedy, vous reconnaissez et acceptez express\u00e9ment que vous serez li\u00e9 par les pr\u00e9sentes r\u00e8gles et conditions. Tous les films qui ne sont pas en\u2026","rel":"","context":"Article similaire","img":{"alt_text":"","src":"","width":0,"height":0},"classes":[]},{"id":9290,"url":"https:\/\/rabat-comedy.com\/?page_id=9290","url_meta":{"origin":7270,"position":3},"title":"R\u00e8glement du festival international du film rabat-comedy","date":"15 mai 2025","format":false,"excerpt":"[vc_row full_width=\"stretch_row_content_no_spaces\" uniqid=\"5cc7dc44b68ba\"][vc_column][vc_column_text][\/vc_column_text][\/vc_column][\/vc_row][vc_row][vc_column][vc_column_text]Veuillez lire attentivement ces r\u00e8gles et conditions avant de soumettre votre film. En soumettant votre film en comp\u00e9tition au Festival international du film Rabat-Comedy, vous reconnaissez et acceptez express\u00e9ment que vous serez li\u00e9 par les pr\u00e9sentes r\u00e8gles et conditions. Tous les films doivent \u00eatre sous-titr\u00e9s en anglais. Les\u2026","rel":"","context":"Article similaire","img":{"alt_text":"","src":"","width":0,"height":0},"classes":[]},{"id":8686,"url":"https:\/\/rabat-comedy.com\/?page_id=8686","url_meta":{"origin":7270,"position":4},"title":"R\u00e8glement du festival international du film rabat-comedy","date":"11 mai 2024","format":false,"excerpt":"[vc_row full_width=\"stretch_row_content_no_spaces\" uniqid=\"5cc7dc44b68ba\"][vc_column][vc_column_text][\/vc_column_text][\/vc_column][\/vc_row][vc_row][vc_column][vc_column_text]Veuillez lire attentivement ces r\u00e8gles et conditions avant de soumettre votre film. En soumettant votre film en comp\u00e9tition au Festival international du film Rabat-Comedy, vous reconnaissez et acceptez express\u00e9ment que vous serez li\u00e9 par les pr\u00e9sentes r\u00e8gles et conditions. Tous les films qui ne sont pas en anglais\u2026","rel":"","context":"Article similaire","img":{"alt_text":"","src":"","width":0,"height":0},"classes":[]},{"id":558,"url":"https:\/\/rabat-comedy.com\/?page_id=558","url_meta":{"origin":7270,"position":5},"title":"Film Festival","date":"22 avril 2019","format":false,"excerpt":"[vc_row full_width=\"stretch_row_content_no_spaces\" uniqid=\"5cc7dc44b68ba\"][vc_column][\/vc_column][\/vc_row][vc_row css_animation=\"none\" css=\".vc_custom_1556604677408{padding-bottom: 35px !important;}\" uniqid=\"5cc7e14c90d0e\"][vc_column][\/vc_column][\/vc_row][vc_row full_width=\"stretch_row\" content_color=\"light\" css=\".vc_custom_1558422572937{padding-top: 95px !important;padding-bottom: 118px !important;}\" uniqid=\"5cc7e1da493f8\"][vc_column][vc_column_text css=\".vc_custom_1556603633843{margin-top: 55px !important;}\"] One of the largest film festivals and large-scale cultural event that introduces citizens to the most relevant of the world of music, modern art, media, street culture, sports and new technologies.\u2026","rel":"","context":"Article similaire","img":{"alt_text":"","src":"","width":0,"height":0},"classes":[]}],"_links":{"self":[{"href":"https:\/\/rabat-comedy.com\/index.php?rest_route=\/wp\/v2\/pages\/7270","targetHints":{"allow":["GET"]}}],"collection":[{"href":"https:\/\/rabat-comedy.com\/index.php?rest_route=\/wp\/v2\/pages"}],"about":[{"href":"https:\/\/rabat-comedy.com\/index.php?rest_route=\/wp\/v2\/types\/page"}],"author":[{"embeddable":true,"href":"https:\/\/rabat-comedy.com\/index.php?rest_route=\/wp\/v2\/users\/1"}],"replies":[{"embeddable":true,"href":"https:\/\/rabat-comedy.com\/index.php?rest_route=%2Fwp%2Fv2%2Fcomments&post=7270"}],"version-history":[{"count":1,"href":"https:\/\/rabat-comedy.com\/index.php?rest_route=\/wp\/v2\/pages\/7270\/revisions"}],"predecessor-version":[{"id":7272,"href":"https:\/\/rabat-comedy.com\/index.php?rest_route=\/wp\/v2\/pages\/7270\/revisions\/7272"}],"wp:attachment":[{"href":"https:\/\/rabat-comedy.com\/index.php?rest_route=%2Fwp%2Fv2%2Fmedia&parent=7270"}],"curies":[{"name":"wp","href":"https:\/\/api.w.org\/{rel}","templated":true}]}}