{"id":6938,"date":"2022-04-15T12:42:06","date_gmt":"2022-04-15T10:42:06","guid":{"rendered":"https:\/\/rabat-comedy.com\/?page_id=6938"},"modified":"2023-06-18T00:00:49","modified_gmt":"2023-06-17T22:00:49","slug":"accreditation-festival","status":"publish","type":"page","link":"https:\/\/rabat-comedy.com\/?page_id=6938","title":{"rendered":"Accr\u00e9ditation festivalier"},"content":{"rendered":"<p>[vc_row full_width=&#8221;stretch_row_content_no_spaces&#8221; uniqid=&#8221;5cc7dc44b68ba&#8221;][vc_column]    <section class=\"banner-area banner-area-5cc7db9895991 banner-default bsl-right current-white\">\n            <div class=\"banner-item white tac\" style=\"height: 240px;\">\n        \n    <div class=\"bg-overlay\">\n          <\/div>\n\n            <div class=\"container\">\n          <div class=\"row align-items-center fixed-height\" style=\"height: 240px;\">\n            <div class=\"col\">\n                              <div class=\"heading-block tac\">\n                                      <h1 class=\"h\">Accr\u00e9ditation <span>Festivalier<\/span><\/h1>\n                                  <\/div>\n                          <\/div>\n          <\/div>\n        <\/div>\n      <\/div>\n    <\/section>\n    [\/vc_column][\/vc_row][vc_row disable_element=&#8221;yes&#8221; css=&#8221;.vc_custom_1621923633858{padding-top: 0px !important;padding-bottom: 60px !important;}&#8221; uniqid=&#8221;5d2d1815f426b&#8221;][vc_column][vc_column_text]<\/p>\n<p style=\"text-align: center;\"><span style=\"font-size: 22px;\">Les accr\u00e9ditations pour la 2 \u00e8me \u00e9dition du festival ne sont pas encore ouvertes.<\/span><\/p>\n<p>[\/vc_column_text][\/vc_column][\/vc_row][vc_row disable_element=&#8221;yes&#8221; css=&#8221;.vc_custom_1687039245574{padding-top: 0px !important;padding-bottom: 60px !important;}&#8221; uniqid=&#8221;5d96794f06bad&#8221;][vc_column][vc_column_text]<\/p>\n<p style=\"text-align: center;\"><span style=\"font-size: 22px;\">Cette accr\u00e9ditation est r\u00e9serv\u00e9e \u00e0 la presse sp\u00e9cialis\u00e9e sous r\u00e9serve d\u2019acceptation par la commission de la communication du festival et dans la limite des places disponibles (un justificatif professionnel pourra vous \u00eatre demand\u00e9). Elle donne un acc\u00e8s prioritaire \u00e0 toutes les s\u00e9ances de projection et \u00e0 tous les \u00e9v\u00e8nements du festival. Cependant, elle est strictement personnelle et ne peut \u00eatre pr\u00eat\u00e9e sous peine d\u2019annulation des droits d\u2019acc\u00e8s et, \u00e9ventuellement, de poursuite.<\/span><\/p>\n<p>[\/vc_column_text][\/vc_column][\/vc_row][vc_row uniqid=&#8221;648dcf4b86e4f&#8221;][vc_column][vc_row_inner][vc_column_inner width=&#8221;1\/4&#8243;][\/vc_column_inner][vc_column_inner width=&#8221;1\/2&#8243;]\n<div class=\"wpcf7 no-js\" id=\"wpcf7-f6939-o1\" lang=\"en-US\" dir=\"ltr\">\n<div class=\"screen-reader-response\"><p role=\"status\" aria-live=\"polite\" aria-atomic=\"true\"><\/p> <ul><\/ul><\/div>\n<form action=\"\/index.php?rest_route=%2Fwp%2Fv2%2Fpages%2F6938#wpcf7-f6939-o1\" method=\"post\" class=\"wpcf7-form init\" aria-label=\"Contact form\" novalidate=\"novalidate\" data-status=\"init\">\n<div style=\"display: none;\">\n<input type=\"hidden\" name=\"_wpcf7\" value=\"6939\" \/>\n<input type=\"hidden\" name=\"_wpcf7_version\" value=\"5.9.4\" \/>\n<input type=\"hidden\" name=\"_wpcf7_locale\" value=\"en_US\" \/>\n<input type=\"hidden\" name=\"_wpcf7_unit_tag\" value=\"wpcf7-f6939-o1\" \/>\n<input type=\"hidden\" name=\"_wpcf7_container_post\" value=\"0\" \/>\n<input type=\"hidden\" name=\"_wpcf7_posted_data_hash\" value=\"\" \/>\n<input type=\"hidden\" name=\"_wpcf7cf_hidden_group_fields\" value=\"[]\" \/>\n<input type=\"hidden\" name=\"_wpcf7cf_hidden_groups\" value=\"[]\" \/>\n<input type=\"hidden\" name=\"_wpcf7cf_visible_groups\" value=\"[]\" \/>\n<input type=\"hidden\" name=\"_wpcf7cf_repeaters\" value=\"[]\" \/>\n<input type=\"hidden\" name=\"_wpcf7cf_steps\" value=\"{}\" \/>\n<input type=\"hidden\" name=\"_wpcf7cf_options\" value=\"{&quot;form_id&quot;:6939,&quot;conditions&quot;:[],&quot;settings&quot;:{&quot;animation&quot;:&quot;yes&quot;,&quot;animation_intime&quot;:200,&quot;animation_outtime&quot;:200,&quot;conditions_ui&quot;:&quot;normal&quot;,&quot;notice_dismissed&quot;:false}}\" \/>\n<\/div>\n<div class=\"contact-form\">\n    <div class=\"input-row\"><label>Nom <span>*<\/span><\/label><span class=\"wpcf7-form-control-wrap\" data-name=\"f-nom\"><input size=\"40\" class=\"wpcf7-form-control wpcf7-text wpcf7-validates-as-required style1\" aria-required=\"true\" aria-invalid=\"false\" value=\"\" type=\"text\" name=\"f-nom\" \/><\/span><\/div>\n    <div class=\"input-row\"><label>Pr\u00e9nom <span>*<\/span><\/label><span class=\"wpcf7-form-control-wrap\" data-name=\"f-prenom\"><input size=\"40\" class=\"wpcf7-form-control wpcf7-text wpcf7-validates-as-required style1\" aria-required=\"true\" aria-invalid=\"false\" value=\"\" type=\"text\" name=\"f-prenom\" \/><\/span><\/div>\n    <div class=\"input-row\"><label>Ville <span>*<\/span><\/label><span class=\"wpcf7-form-control-wrap\" data-name=\"f-pr-ville\"><input size=\"40\" class=\"wpcf7-form-control wpcf7-text wpcf7-validates-as-required style1\" aria-required=\"true\" aria-invalid=\"false\" value=\"\" type=\"text\" name=\"f-pr-ville\" \/><\/span><\/div>\n    <div class=\"input-row\"><label>Pays <span>*<\/span><\/label><span class=\"wpcf7-form-control-wrap\" data-name=\"f-pays\"><input size=\"40\" class=\"wpcf7-form-control wpcf7-text wpcf7-validates-as-required style1\" aria-required=\"true\" aria-invalid=\"false\" value=\"\" type=\"text\" name=\"f-pays\" \/><\/span><\/div>\n    <div class=\"input-row\"><label>T\u00e9l\u00e9phone <span>*<\/span><\/label><span class=\"wpcf7-form-control-wrap\" data-name=\"f-tel\"><input size=\"40\" class=\"wpcf7-form-control wpcf7-tel wpcf7-validates-as-required wpcf7-text wpcf7-validates-as-tel style1\" aria-required=\"true\" aria-invalid=\"false\" value=\"\" type=\"tel\" name=\"f-tel\" \/><\/span><\/div>\n    <div class=\"input-row\"><label>E-Mail <span>*<\/span><\/label><span class=\"wpcf7-form-control-wrap\" data-name=\"f-email\"><input size=\"40\" class=\"wpcf7-form-control wpcf7-email wpcf7-validates-as-required wpcf7-text wpcf7-validates-as-email style1\" aria-required=\"true\" aria-invalid=\"false\" value=\"\" type=\"email\" name=\"f-email\" \/><\/span><\/div>\n    <div class=\"input-row\"><label>Fonction <span>*<\/span><\/label><span class=\"wpcf7-form-control-wrap\" data-name=\"f-Poste\"><input size=\"40\" class=\"wpcf7-form-control wpcf7-text wpcf7-validates-as-required style1\" aria-required=\"true\" aria-invalid=\"false\" value=\"\" type=\"text\" name=\"f-Poste\" \/><\/span><\/div>\n    <button class=\"button-style2\" type=\"submit\"><span>Envoyer<\/span><\/button>\n<\/div><input type='hidden' class='wpcf7-pum' value='{\"closepopup\":false,\"closedelay\":0,\"openpopup\":false,\"openpopup_id\":0}' \/><div class=\"wpcf7-response-output\" aria-hidden=\"true\"><\/div>\n<\/form>\n<\/div>\n[\/vc_column_inner][vc_column_inner width=&#8221;1\/4&#8243;][\/vc_column_inner][\/vc_row_inner][\/vc_column][\/vc_row]<\/p>\n","protected":false},"excerpt":{"rendered":"<p>[vc_row full_width=&#8221;stretch_row_content_no_spaces&#8221; uniqid=&#8221;5cc7dc44b68ba&#8221;][vc_column][\/vc_column][\/vc_row][vc_row disable_element=&#8221;yes&#8221; css=&#8221;.vc_custom_1621923633858{padding-top: 0px !important;padding-bottom: 60px !important;}&#8221; uniqid=&#8221;5d2d1815f426b&#8221;][vc_column][vc_column_text] Les accr\u00e9ditations pour la 2 \u00e8me \u00e9dition du festival ne sont pas encore ouvertes. [\/vc_column_text][\/vc_column][\/vc_row][vc_row disable_element=&#8221;yes&#8221; css=&#8221;.vc_custom_1687039245574{padding-top: 0px !important;padding-bottom: 60px !important;}&#8221; uniqid=&#8221;5d96794f06bad&#8221;][vc_column][vc_column_text] Cette accr\u00e9ditation est r\u00e9serv\u00e9e \u00e0 la presse sp\u00e9cialis\u00e9e sous r\u00e9serve d\u2019acceptation par la commission de la communication du festival et dans la limite [&hellip;]<\/p>\n","protected":false},"author":1,"featured_media":0,"parent":0,"menu_order":0,"comment_status":"closed","ping_status":"closed","template":"template-landing.php","meta":{"_acf_changed":false,"spay_email":"","footnotes":""},"class_list":["post-6938","page","type-page","status-publish","hentry"],"acf":[],"jetpack-related-posts":[{"id":556,"url":"https:\/\/rabat-comedy.com\/?page_id=556","url_meta":{"origin":6938,"position":0},"title":"Cinema","date":"22 avril 2019","format":false,"excerpt":"[vc_section full_width=\"stretch_row\" background_parallax=\"on\" background_parallax_align=\"top\" background_parallax_speed=\"0.85\" bg_overlay=\"\" uniqid=\"5cc69882b880d\" background_image=\"51\"][vc_row full_width=\"stretch_row_content_no_spaces\" uniqid=\"5cc69557b7c91\"][vc_column][\/vc_column][\/vc_row][vc_row full_width=\"stretch_row_content_no_spaces\" uniqid=\"5cc6db7187a1c\"][vc_column][\/vc_column][\/vc_row][vc_row css=\".vc_custom_1556536621598{padding-bottom: 120px !important;}\" uniqid=\"5cc6dd2652a2a\"][vc_column][vc_column_text] When drought leads humankind to a food crisis, a team of researchers and scientists travels through the wormhole, which presumably connects areas of space-time through a large distance, to travel in order to transcend\u2026","rel":"","context":"Article similaire","img":{"alt_text":"","src":"","width":0,"height":0},"classes":[]},{"id":594,"url":"https:\/\/rabat-comedy.com\/?page_id=594","url_meta":{"origin":6938,"position":1},"title":"Services","date":"22 avril 2019","format":false,"excerpt":"[vc_row full_width=\"stretch_row_content_no_spaces\" uniqid=\"5cd96eb32169b\"][vc_column][\/vc_column][\/vc_row][vc_row css=\".vc_custom_1558423156179{padding-top: 98px !important;padding-bottom: 60px !important;}\" uniqid=\"5cd9766c81b4f\"][vc_column][\/vc_column][\/vc_row][vc_row full_width=\"stretch_row\" background_parallax=\"on\" background_parallax_speed=\"0.8\" bg_overlay=\"on\" color_overlay=\"\" gradient_overlay=\"\" uniqid=\"5cd122168957c\" background_image=\"40\" overlay_bottom_offset=\"60\" css=\".vc_custom_1557810321846{padding-top: 60px !important;}\"][vc_column][\/vc_column][\/vc_row][vc_row gap=\"30\" equal_height=\"yes\" uniqid=\"5cda4ee30db7a\" css=\".vc_custom_1558423393377{padding-top: 30px !important;}\"][vc_column][\/vc_column][vc_column width=\"1\/2\" el_class=\"side-img\" css=\".vc_custom_1558076572650{margin-bottom: 30px !important;padding-bottom: 60% !important;background-image: url(https:\/\/rabat-comedy.com\/new\/wp-content\/uploads\/2019\/04\/bg34.jpg?id=69) !important;}\" uniqid=\"5cda4dda9899d\"][\/vc_column][vc_column width=\"1\/2\"][\/vc_column][\/vc_row][vc_row css=\".vc_custom_1557811664506{padding-top: 85px !important;padding-bottom: 70px !important;}\" uniqid=\"5cc2c71703dd1\"][vc_column][\/vc_column][\/vc_row]","rel":"","context":"Article similaire","img":{"alt_text":"","src":"","width":0,"height":0},"classes":[]},{"id":590,"url":"https:\/\/rabat-comedy.com\/?page_id=590","url_meta":{"origin":6938,"position":2},"title":"Contact Us","date":"22 avril 2019","format":false,"excerpt":"[vc_row full_width=\"stretch_row_content_no_spaces\" uniqid=\"5cda53519cfac\"][vc_column][\/vc_column][\/vc_row][vc_row equal_height=\"yes\" uniqid=\"5cda544e1b3f8\" css=\".vc_custom_1557812559137{padding-top: 30px !important;padding-bottom: 30px !important;}\"][vc_column width=\"1\/3\"][\/vc_column][vc_column width=\"1\/3\"][\/vc_column][vc_column width=\"1\/3\"][\/vc_column][\/vc_row][vc_row full_width=\"stretch_row_content_no_spaces\" gap=\"35\" equal_height=\"yes\" content_placement=\"middle\" uniqid=\"5cda582ac5f97\"][vc_column width=\"1\/2\" uniqid=\"5cda6944fa891\" css=\".vc_custom_1557817889561{padding-right: 0px !important;padding-left: 0px !important;}\"][\/vc_column][vc_column width=\"1\/2\" content_color=\"light\" css=\".vc_custom_1557818099189{background-color: #eef0f2 !important;}\" uniqid=\"5cda6956f238a\"][vc_column_text el_class=\"text-t1\"] Thank you to the people who shared their stories in our film. They trusted us and we\u2019re very\u2026","rel":"","context":"Article similaire","img":{"alt_text":"","src":"","width":0,"height":0},"classes":[]},{"id":1832,"url":"https:\/\/rabat-comedy.com\/?page_id=1832","url_meta":{"origin":6938,"position":3},"title":"M\u00e9dia","date":"30 juillet 2019","format":false,"excerpt":"[vc_row css=\".vc_custom_1564445136219{margin-top: 40px !important;}\" uniqid=\"5d3f89cabf31a\"][vc_column][\/vc_column][\/vc_row]","rel":"","context":"Article similaire","img":{"alt_text":"","src":"","width":0,"height":0},"classes":[]},{"id":1528,"url":"https:\/\/rabat-comedy.com\/?page_id=1528","url_meta":{"origin":6938,"position":4},"title":"Assister au festival","date":"21 juillet 2019","format":false,"excerpt":"[vc_row full_width=\"stretch_row_content_no_spaces\" uniqid=\"5cc7dc44b68ba\"][vc_column][\/vc_column][\/vc_row][vc_row uniqid=\"648e2c72cd9fb\"][vc_column][vc_column_text] Les formulaires d'inscription pour assister au festival sont ferm\u00e9s [\/vc_column_text][\/vc_column][\/vc_row][vc_row disable_element=\"yes\" css=\".vc_custom_1766402802211{padding-top: 0px !important;padding-bottom: 60px !important;}\" uniqid=\"5d2d1815f426b\"][vc_column uniqid=\"5d34444bbed0d\"][vc_column_text] Les festivaliers peuvent s\u2019inscrire en ligne ou sur place. Une fois inscrits, ils pourront aussi suivre gratuitement les c\u00e9r\u00e9monies, les conf\u00e9rences et les rencontres professionnelles programm\u00e9es durant le\u2026","rel":"","context":"Article similaire","img":{"alt_text":"","src":"","width":0,"height":0},"classes":[]},{"id":1389,"url":"https:\/\/rabat-comedy.com\/","url_meta":{"origin":6938,"position":5},"title":"Accueil","date":"9 juillet 2019","format":false,"excerpt":"[vc_row full_width=\"stretch_row_content_no_spaces\" uniqid=\"5cc7dc44b68ba\"][vc_column][vc_column_text][\/vc_column_text][\/vc_column][\/vc_row][vc_row disable_element=\"yes\" uniqid=\"5d529c16b467c\"][vc_column][vc_column_text][\/vc_column_text][\/vc_column][\/vc_row][vc_row css_animation=\"none\" css=\".vc_custom_1564609260207{padding-top: 95px !important;padding-bottom: 35px !important;}\" uniqid=\"5cc7e14c90d0e\" el_id=\"quisomme\"][vc_column width=\"1\/2\"][vc_column_text][vc_column_text] Le Centre Marocain pour les Initiatives de D\u00e9veloppement dans les domaines du cin\u00e9ma, de l\u2019art et de la culture (CMID) s\u2019est donn\u00e9 pour mission d\u2019organiser le Festival International du Film Rabat-Comedy, en tant que projet culturel\u2026","rel":"","context":"Article similaire","img":{"alt_text":"","src":"","width":0,"height":0},"classes":[]}],"_links":{"self":[{"href":"https:\/\/rabat-comedy.com\/index.php?rest_route=\/wp\/v2\/pages\/6938","targetHints":{"allow":["GET"]}}],"collection":[{"href":"https:\/\/rabat-comedy.com\/index.php?rest_route=\/wp\/v2\/pages"}],"about":[{"href":"https:\/\/rabat-comedy.com\/index.php?rest_route=\/wp\/v2\/types\/page"}],"author":[{"embeddable":true,"href":"https:\/\/rabat-comedy.com\/index.php?rest_route=\/wp\/v2\/users\/1"}],"replies":[{"embeddable":true,"href":"https:\/\/rabat-comedy.com\/index.php?rest_route=%2Fwp%2Fv2%2Fcomments&post=6938"}],"version-history":[{"count":5,"href":"https:\/\/rabat-comedy.com\/index.php?rest_route=\/wp\/v2\/pages\/6938\/revisions"}],"predecessor-version":[{"id":8147,"href":"https:\/\/rabat-comedy.com\/index.php?rest_route=\/wp\/v2\/pages\/6938\/revisions\/8147"}],"wp:attachment":[{"href":"https:\/\/rabat-comedy.com\/index.php?rest_route=%2Fwp%2Fv2%2Fmedia&parent=6938"}],"curies":[{"name":"wp","href":"https:\/\/api.w.org\/{rel}","templated":true}]}}