{"id":1414,"date":"2019-07-11T22:49:03","date_gmt":"2019-07-11T20:49:03","guid":{"rendered":"http:\/\/rabat-comedy.com\/site\/?page_id=1414"},"modified":"2025-12-22T12:30:18","modified_gmt":"2025-12-22T11:30:18","slug":"inscrire-un-film","status":"publish","type":"page","link":"https:\/\/rabat-comedy.com\/?page_id=1414","title":{"rendered":"Soumettre un film"},"content":{"rendered":"<p>[vc_row full_width=&#8221;stretch_row_content_no_spaces&#8221; uniqid=&#8221;5cc7dc44b68ba&#8221;][vc_column]    <section class=\"banner-area banner-area-5cc7db9895991 banner-default bsl-right current-white\">\n            <div class=\"banner-item white tac\" style=\"height: 240px;\">\n        \n    <div class=\"bg-overlay\">\n          <\/div>\n\n            <div class=\"container\">\n          <div class=\"row align-items-center fixed-height\" style=\"height: 240px;\">\n            <div class=\"col\">\n                              <div class=\"heading-block tac\">\n                                      <h1 class=\"h\">Soumettre <span>un film<\/span><\/h1>\n                                  <\/div>\n                          <\/div>\n          <\/div>\n        <\/div>\n      <\/div>\n    <\/section>\n    [\/vc_column][\/vc_row][vc_row disable_element=&#8221;yes&#8221; uniqid=&#8221;69492b4cbc2a5&#8243;][vc_column][vc_column_text]<\/p>\n<p style=\"text-align: center;\"><span style=\"font-size: 22px;\">Les soumissions de films sont cl\u00f4tur\u00e9es pour cette \u00e9dition<\/span><\/p>\n<div id=\"simple-translate\" class=\"simple-translate-system-theme\">\n<div>\n<div class=\"simple-translate-button isShow\" style=\"background-image: url('moz-extension:\/\/4d5842c1-f058-4d05-ad95-4eadfe2a7a47\/icons\/512.png'); height: 22px; width: 22px; top: 39px; left: 601px;\"><\/div>\n<div class=\"simple-translate-panel \" style=\"width: 300px; height: 200px; top: 0px; left: 0px; font-size: 13px;\">\n<div class=\"simple-translate-result-wrapper\" style=\"overflow: hidden;\">\n<div class=\"simple-translate-move\" draggable=\"true\"><\/div>\n<div class=\"simple-translate-result-contents\">\n<p class=\"simple-translate-candidate\" dir=\"auto\"><\/div>\n<\/div>\n<\/div>\n<\/div>\n<\/div>\n<p>[\/vc_column_text][\/vc_column][\/vc_row][vc_row css=&#8221;.vc_custom_1766402890554{padding-top: 40px !important;padding-bottom: 60px !important;}&#8221; uniqid=&#8221;5d2d1815f426b&#8221;][vc_column][vc_row_inner uniqid=&#8221;6467cf631b4df&#8221;][vc_column_inner width=&#8221;1\/3&#8243; css=&#8221;.vc_custom_1564313258290{border-radius: 25px !important;}&#8221;][vc_column_text css=&#8221;.vc_custom_1564320001563{margin-bottom: 0px !important;padding-top: 10px !important;padding-bottom: 10px !important;background-color: #464646 !important;}&#8221;]<\/p>\n<h2 class=\"wpb_heading wpb_singleimage_heading\" style=\"text-align: center;\">Inscrivez votre film avec<\/h2>\n<p>[\/vc_column_text][vc_single_image image=&#8221;1406&#8243; img_size=&#8221;231&#215;100&#8243; add_caption=&#8221;yes&#8221; alignment=&#8221;center&#8221; onclick=&#8221;custom_link&#8221; img_link_target=&#8221;_blank&#8221; css=&#8221;.vc_custom_1648657912348{padding-top: 5px !important;padding-right: 5px !important;padding-bottom: 5px !important;padding-left: 5px !important;background-color: #464646 !important;}&#8221; link=&#8221;https:\/\/filmmakers.festhome.com\/festival\/4934&#8243;][\/vc_column_inner][vc_column_inner width=&#8221;1\/3&#8243; css=&#8221;.vc_custom_1564313271033{border-radius: 25px !important;}&#8221;][vc_column_text css=&#8221;.vc_custom_1564320001563{margin-bottom: 0px !important;padding-top: 10px !important;padding-bottom: 10px !important;background-color: #464646 !important;}&#8221;]<\/p>\n<h2 class=\"wpb_heading wpb_singleimage_heading\" style=\"text-align: center;\">Inscrivez votre film avec<\/h2>\n<p>[\/vc_column_text][vc_single_image image=&#8221;1420&#8243; img_size=&#8221;297&#215;100&#8243; alignment=&#8221;center&#8221; onclick=&#8221;custom_link&#8221; img_link_target=&#8221;_blank&#8221; css=&#8221;.vc_custom_1648657920725{padding-top: 5px !important;padding-right: 5px !important;padding-bottom: 5px !important;padding-left: 5px !important;background-color: #464646 !important;}&#8221; link=&#8221;https:\/\/filmfreeway.com\/Rabat-Comedy&#8221;][\/vc_column_inner][vc_column_inner width=&#8221;1\/3&#8243; css=&#8221;.vc_custom_1564313281203{border-radius: 25px !important;}&#8221;][vc_column_text css=&#8221;.vc_custom_1564320001563{margin-bottom: 0px !important;padding-top: 10px !important;padding-bottom: 10px !important;background-color: #464646 !important;}&#8221;]<\/p>\n<h2 class=\"wpb_heading wpb_singleimage_heading\" style=\"text-align: center;\">Inscrivez votre film avec<\/h2>\n<p>[\/vc_column_text][vc_single_image image=&#8221;6956&#8243; img_size=&#8221;110&#215;100&#8243; alignment=&#8221;center&#8221; onclick=&#8221;custom_link&#8221; css=&#8221;.vc_custom_1766403016173{padding-top: 5px !important;padding-right: 5px !important;padding-bottom: 5px !important;padding-left: 5px !important;background-color: #464646 !important;}&#8221; link=&#8221;https:\/\/rabat-comedy.com\/?page_id=2156&#8243;][\/vc_column_inner][\/vc_row_inner][\/vc_column][\/vc_row][vc_row disable_element=&#8221;yes&#8221; css=&#8221;.vc_custom_1564445588374{padding-top: 40px !important;padding-bottom: 60px !important;}&#8221;][vc_column][vc_column_text]<\/p>\n<p style=\"text-align: center;\"><span style=\"font-size: 22px;\">Pour proposer votre court m\u00e9trage au comit\u00e9 de s\u00e9lection, vous pouvez vous inscrire avant<br \/>\nle 15 juillet 2019 \u00e0 travers:<\/span><\/p>\n<p>[\/vc_column_text][\/vc_column][\/vc_row]<\/p>\n","protected":false},"excerpt":{"rendered":"<p>[vc_row full_width=&#8221;stretch_row_content_no_spaces&#8221; uniqid=&#8221;5cc7dc44b68ba&#8221;][vc_column][\/vc_column][\/vc_row][vc_row disable_element=&#8221;yes&#8221; uniqid=&#8221;69492b4cbc2a5&#8243;][vc_column][vc_column_text] Les soumissions de films sont cl\u00f4tur\u00e9es pour cette \u00e9dition [\/vc_column_text][\/vc_column][\/vc_row][vc_row css=&#8221;.vc_custom_1766402890554{padding-top: 40px !important;padding-bottom: 60px !important;}&#8221; uniqid=&#8221;5d2d1815f426b&#8221;][vc_column][vc_row_inner uniqid=&#8221;6467cf631b4df&#8221;][vc_column_inner width=&#8221;1\/3&#8243; css=&#8221;.vc_custom_1564313258290{border-radius: 25px !important;}&#8221;][vc_column_text css=&#8221;.vc_custom_1564320001563{margin-bottom: 0px !important;padding-top: 10px !important;padding-bottom: 10px !important;background-color: #464646 !important;}&#8221;] Inscrivez votre film avec [\/vc_column_text][vc_single_image image=&#8221;1406&#8243; img_size=&#8221;231&#215;100&#8243; add_caption=&#8221;yes&#8221; alignment=&#8221;center&#8221; onclick=&#8221;custom_link&#8221; img_link_target=&#8221;_blank&#8221; css=&#8221;.vc_custom_1648657912348{padding-top: 5px !important;padding-right: 5px !important;padding-bottom: 5px !important;padding-left: 5px !important;background-color: [&hellip;]<\/p>\n","protected":false},"author":1,"featured_media":0,"parent":0,"menu_order":0,"comment_status":"closed","ping_status":"closed","template":"template-landing.php","meta":{"_acf_changed":false,"spay_email":"","footnotes":""},"class_list":["post-1414","page","type-page","status-publish","hentry"],"acf":[],"jetpack-related-posts":[{"id":9290,"url":"https:\/\/rabat-comedy.com\/?page_id=9290","url_meta":{"origin":1414,"position":0},"title":"R\u00e8glement du festival international du film rabat-comedy","date":"15 mai 2025","format":false,"excerpt":"[vc_row full_width=\"stretch_row_content_no_spaces\" uniqid=\"5cc7dc44b68ba\"][vc_column][vc_column_text][\/vc_column_text][\/vc_column][\/vc_row][vc_row][vc_column][vc_column_text]Veuillez lire attentivement ces r\u00e8gles et conditions avant de soumettre votre film. En soumettant votre film en comp\u00e9tition au Festival international du film Rabat-Comedy, vous reconnaissez et acceptez express\u00e9ment que vous serez li\u00e9 par les pr\u00e9sentes r\u00e8gles et conditions. Tous les films doivent \u00eatre sous-titr\u00e9s en anglais. Les\u2026","rel":"","context":"Article similaire","img":{"alt_text":"","src":"","width":0,"height":0},"classes":[]},{"id":8686,"url":"https:\/\/rabat-comedy.com\/?page_id=8686","url_meta":{"origin":1414,"position":1},"title":"R\u00e8glement du festival international du film rabat-comedy","date":"11 mai 2024","format":false,"excerpt":"[vc_row full_width=\"stretch_row_content_no_spaces\" uniqid=\"5cc7dc44b68ba\"][vc_column][vc_column_text][\/vc_column_text][\/vc_column][\/vc_row][vc_row][vc_column][vc_column_text]Veuillez lire attentivement ces r\u00e8gles et conditions avant de soumettre votre film. En soumettant votre film en comp\u00e9tition au Festival international du film Rabat-Comedy, vous reconnaissez et acceptez express\u00e9ment que vous serez li\u00e9 par les pr\u00e9sentes r\u00e8gles et conditions. Tous les films qui ne sont pas en anglais\u2026","rel":"","context":"Article similaire","img":{"alt_text":"","src":"","width":0,"height":0},"classes":[]},{"id":1423,"url":"https:\/\/rabat-comedy.com\/?page_id=1423","url_meta":{"origin":1414,"position":2},"title":"Reglement du festival international du film rabat-comedy","date":"11 juillet 2019","format":false,"excerpt":"[vc_row full_width=\"stretch_row_content_no_spaces\" uniqid=\"5cc7dc44b68ba\"][vc_column][\/vc_column][\/vc_row][vc_row][vc_column][vc_column_text]Veuillez lire attentivement ces r\u00e8gles et conditions avant de soumettre votre film. En soumettant votre film en comp\u00e9tition au Festival international du film de Rabat-Comedy, vous reconnaissez et acceptez express\u00e9ment que vous serez li\u00e9 par les pr\u00e9sentes r\u00e8gles et conditions. Tous les films qui ne sont pas en\u2026","rel":"","context":"Article similaire","img":{"alt_text":"","src":"","width":0,"height":0},"classes":[]},{"id":6829,"url":"https:\/\/rabat-comedy.com\/?page_id=6829","url_meta":{"origin":1414,"position":3},"title":"R\u00e8glement du festival international du film rabat-comedy","date":"12 avril 2022","format":false,"excerpt":"[vc_row full_width=\"stretch_row_content_no_spaces\" uniqid=\"5cc7dc44b68ba\"][vc_column][vc_column_text] [\/vc_column_text][\/vc_column][\/vc_row][vc_row][vc_column][vc_column_text]Veuillez lire attentivement ces r\u00e8gles et conditions avant de soumettre votre film. En soumettant votre film au Festival international du film Rabat-Comedy, vous reconnaissez et acceptez express\u00e9ment que vous serez li\u00e9 par les pr\u00e9sentes r\u00e8gles et conditions. Tous les films qui ne sont pas en anglais doivent\u2026","rel":"","context":"Article similaire","img":{"alt_text":"","src":"","width":0,"height":0},"classes":[]},{"id":590,"url":"https:\/\/rabat-comedy.com\/?page_id=590","url_meta":{"origin":1414,"position":4},"title":"Contact Us","date":"22 avril 2019","format":false,"excerpt":"[vc_row full_width=\"stretch_row_content_no_spaces\" uniqid=\"5cda53519cfac\"][vc_column][\/vc_column][\/vc_row][vc_row equal_height=\"yes\" uniqid=\"5cda544e1b3f8\" css=\".vc_custom_1557812559137{padding-top: 30px !important;padding-bottom: 30px !important;}\"][vc_column width=\"1\/3\"][\/vc_column][vc_column width=\"1\/3\"][\/vc_column][vc_column width=\"1\/3\"][\/vc_column][\/vc_row][vc_row full_width=\"stretch_row_content_no_spaces\" gap=\"35\" equal_height=\"yes\" content_placement=\"middle\" uniqid=\"5cda582ac5f97\"][vc_column width=\"1\/2\" uniqid=\"5cda6944fa891\" css=\".vc_custom_1557817889561{padding-right: 0px !important;padding-left: 0px !important;}\"][\/vc_column][vc_column width=\"1\/2\" content_color=\"light\" css=\".vc_custom_1557818099189{background-color: #eef0f2 !important;}\" uniqid=\"5cda6956f238a\"][vc_column_text el_class=\"text-t1\"] Thank you to the people who shared their stories in our film. They trusted us and we\u2019re very\u2026","rel":"","context":"Article similaire","img":{"alt_text":"","src":"","width":0,"height":0},"classes":[]},{"id":7643,"url":"https:\/\/rabat-comedy.com\/?page_id=7643","url_meta":{"origin":1414,"position":5},"title":"R\u00e8glement du festival international du film rabat-comedy","date":"14 mars 2023","format":false,"excerpt":"[vc_row full_width=\"stretch_row_content_no_spaces\" uniqid=\"5cc7dc44b68ba\"][vc_column][vc_column_text] [\/vc_column_text][\/vc_column][\/vc_row][vc_row][vc_column][vc_column_text]Veuillez lire attentivement ces r\u00e8gles et conditions avant de soumettre votre film. En soumettant votre film en comp\u00e9tition au Festival international du film Rabat-Comedy, vous reconnaissez et acceptez express\u00e9ment que vous serez li\u00e9 par les pr\u00e9sentes r\u00e8gles et conditions. Tous les films qui ne sont pas en\u2026","rel":"","context":"Article similaire","img":{"alt_text":"","src":"","width":0,"height":0},"classes":[]}],"_links":{"self":[{"href":"https:\/\/rabat-comedy.com\/index.php?rest_route=\/wp\/v2\/pages\/1414","targetHints":{"allow":["GET"]}}],"collection":[{"href":"https:\/\/rabat-comedy.com\/index.php?rest_route=\/wp\/v2\/pages"}],"about":[{"href":"https:\/\/rabat-comedy.com\/index.php?rest_route=\/wp\/v2\/types\/page"}],"author":[{"embeddable":true,"href":"https:\/\/rabat-comedy.com\/index.php?rest_route=\/wp\/v2\/users\/1"}],"replies":[{"embeddable":true,"href":"https:\/\/rabat-comedy.com\/index.php?rest_route=%2Fwp%2Fv2%2Fcomments&post=1414"}],"version-history":[{"count":9,"href":"https:\/\/rabat-comedy.com\/index.php?rest_route=\/wp\/v2\/pages\/1414\/revisions"}],"predecessor-version":[{"id":10058,"href":"https:\/\/rabat-comedy.com\/index.php?rest_route=\/wp\/v2\/pages\/1414\/revisions\/10058"}],"wp:attachment":[{"href":"https:\/\/rabat-comedy.com\/index.php?rest_route=%2Fwp%2Fv2%2Fmedia&parent=1414"}],"curies":[{"name":"wp","href":"https:\/\/api.w.org\/{rel}","templated":true}]}}